{"id":5474,"date":"2025-10-22T10:23:03","date_gmt":"2025-10-22T10:23:03","guid":{"rendered":"https:\/\/waterkingtest.nl\/baggerausruestung\/koppelponton-fuer-leitungen\/"},"modified":"2026-02-05T16:55:21","modified_gmt":"2026-02-05T15:55:21","slug":"koppelponton-fuer-leitungen","status":"publish","type":"page","link":"https:\/\/waterking.nl\/de\/baggerausruestung\/koppelponton-fuer-leitungen\/","title":{"rendered":"Koppelponton f\u00fcr Leitungen"},"content":{"rendered":"\t\t<div data-elementor-type=\"wp-page\" data-elementor-id=\"5474\" class=\"elementor elementor-5474 elementor-3282\" data-elementor-post-type=\"page\">\n\t\t\t\t<div class=\"elementor-element elementor-element-50ed23fd e-flex e-con-boxed e-con e-parent\" data-id=\"50ed23fd\" data-element_type=\"container\" data-e-type=\"container\" data-settings=\"{&quot;background_background&quot;:&quot;classic&quot;}\">\n\t\t\t\t\t<div class=\"e-con-inner\">\n\t\t\t\t<div class=\"elementor-element elementor-element-36f8de11 elementor-widget elementor-widget-spacer\" data-id=\"36f8de11\" data-element_type=\"widget\" data-e-type=\"widget\" data-widget_type=\"spacer.default\">\n\t\t\t\t<div class=\"elementor-widget-container\">\n\t\t\t\t\t\t\t<div class=\"elementor-spacer\">\n\t\t\t<div class=\"elementor-spacer-inner\"><\/div>\n\t\t<\/div>\n\t\t\t\t\t\t<\/div>\n\t\t\t\t<\/div>\n\t\t\t\t<div class=\"elementor-element elementor-element-30583ebc elementor-widget elementor-widget-heading\" data-id=\"30583ebc\" data-element_type=\"widget\" data-e-type=\"widget\" data-widget_type=\"heading.default\">\n\t\t\t\t<div class=\"elementor-widget-container\">\n\t\t\t\t\t<h1 class=\"elementor-heading-title elementor-size-default\">Koppelponton f\u00fcr Leitungen<\/h1>\t\t\t\t<\/div>\n\t\t\t\t<\/div>\n\t\t\t\t\t<\/div>\n\t\t\t\t<\/div>\n\t\t<div class=\"elementor-element elementor-element-482afb27 e-flex e-con-boxed e-con e-parent\" data-id=\"482afb27\" data-element_type=\"container\" data-e-type=\"container\">\n\t\t\t\t\t<div class=\"e-con-inner\">\n\t\t\t\t<div class=\"elementor-element elementor-element-1ae73bff elementor-widget-divider--view-line_icon elementor-widget-divider--separator-type-pattern elementor-widget-divider--no-spacing elementor-view-default elementor-widget-divider--element-align-center elementor-widget elementor-widget-divider\" data-id=\"1ae73bff\" data-element_type=\"widget\" data-e-type=\"widget\" data-widget_type=\"divider.default\">\n\t\t\t\t<div class=\"elementor-widget-container\">\n\t\t\t\t\t\t\t<div class=\"elementor-divider\" style=\"--divider-pattern-url: url(&quot;data:image\/svg+xml,%3Csvg xmlns=&#039;http:\/\/www.w3.org\/2000\/svg&#039; preserveAspectRatio=&#039;none&#039; overflow=&#039;visible&#039; height=&#039;100%&#039; viewBox=&#039;0 0 24 24&#039; fill=&#039;black&#039; stroke=&#039;none&#039;%3E%3Cpath d=&#039;M24,8v12H0V8H24z M24,4v1H0V4H24z&#039;\/%3E%3C\/svg%3E&quot;);\">\n\t\t\t<span class=\"elementor-divider-separator\">\n\t\t\t\t\t\t\t<div class=\"elementor-icon elementor-divider__element\">\n\t\t\t\t\t<i aria-hidden=\"true\" class=\" ti-layout-line-solid\"><\/i><\/div>\n\t\t\t\t\t\t<\/span>\n\t\t<\/div>\n\t\t\t\t\t\t<\/div>\n\t\t\t\t<\/div>\n\t\t<div class=\"elementor-element elementor-element-1870473 e-con-full e-flex e-con e-child\" data-id=\"1870473\" data-element_type=\"container\" data-e-type=\"container\">\n\t\t\t\t<div class=\"elementor-element elementor-element-f560030 elementor-widget elementor-widget-text-editor\" data-id=\"f560030\" data-element_type=\"widget\" data-e-type=\"widget\" data-widget_type=\"text-editor.default\">\n\t\t\t\t<div class=\"elementor-widget-container\">\n\t\t\t\t\t\t\t\t\t<p>Zum einfachen An- und Abkuppeln der Rohrleitungen kann ein Rohrkupplungsponton eingesetzt werden.<\/p><p>Dieses ist mit einem Davit-Kran mit Winde und Spud-Pole-H\u00fclsen ausgestattet.<\/p>\t\t\t\t\t\t\t\t<\/div>\n\t\t\t\t<\/div>\n\t\t\t\t<div class=\"elementor-element elementor-element-dc84adf elementor-widget elementor-widget-text-editor\" data-id=\"dc84adf\" data-element_type=\"widget\" data-e-type=\"widget\" data-widget_type=\"text-editor.default\">\n\t\t\t\t<div class=\"elementor-widget-container\">\n\t\t\t\t\t\t\t\t\t<p>M\u00f6gliche Optionen f\u00fcr diese Spezies-Koppelpontons: <\/p><ul><li>Davitkran mit Winde<\/li><li>Ankerpf\u00e4hle<\/li><li>Rohrschwimmer<\/li><li>Flexibler Baggerschl\u00e4uche<\/li><li>HDPE-Druckleitung<\/li><\/ul>\t\t\t\t\t\t\t\t<\/div>\n\t\t\t\t<\/div>\n\t\t<div class=\"elementor-element elementor-element-dedc145 e-grid e-con-full elementor-hidden-desktop elementor-hidden-tablet elementor-hidden-mobile e-con e-child\" data-id=\"dedc145\" data-element_type=\"container\" data-e-type=\"container\">\n\t\t\t\t<div class=\"elementor-element elementor-element-010988c elementor-widget elementor-widget-button\" data-id=\"010988c\" data-element_type=\"widget\" data-e-type=\"widget\" data-widget_type=\"button.default\">\n\t\t\t\t<div class=\"elementor-widget-container\">\n\t\t\t\t\t\t\t\t\t<div class=\"elementor-button-wrapper\">\n\t\t\t\t\t<a class=\"elementor-button elementor-button-link elementor-size-sm\" href=\"#\">\n\t\t\t\t\t\t<span class=\"elementor-button-content-wrapper\">\n\t\t\t\t\t\t\t\t\t<span class=\"elementor-button-text\">Produktblatt<\/span>\n\t\t\t\t\t<\/span>\n\t\t\t\t\t<\/a>\n\t\t\t\t<\/div>\n\t\t\t\t\t\t\t\t<\/div>\n\t\t\t\t<\/div>\n\t\t\t\t<div class=\"elementor-element elementor-element-ba5a096 elementor-widget elementor-widget-button\" data-id=\"ba5a096\" data-element_type=\"widget\" data-e-type=\"widget\" data-widget_type=\"button.default\">\n\t\t\t\t<div class=\"elementor-widget-container\">\n\t\t\t\t\t\t\t\t\t<div class=\"elementor-button-wrapper\">\n\t\t\t\t\t<a class=\"elementor-button elementor-button-link elementor-size-sm\" href=\"#\">\n\t\t\t\t\t\t<span class=\"elementor-button-content-wrapper\">\n\t\t\t\t\t\t\t\t\t<span class=\"elementor-button-text\">Transportdetails<\/span>\n\t\t\t\t\t<\/span>\n\t\t\t\t\t<\/a>\n\t\t\t\t<\/div>\n\t\t\t\t\t\t\t\t<\/div>\n\t\t\t\t<\/div>\n\t\t\t\t<\/div>\n\t\t\t\t<\/div>\n\t\t\t\t\t<\/div>\n\t\t\t\t<\/div>\n\t\t<div class=\"elementor-element elementor-element-3ecf2e0 e-flex e-con-boxed e-con e-parent\" data-id=\"3ecf2e0\" data-element_type=\"container\" data-e-type=\"container\">\n\t\t\t\t\t<div class=\"e-con-inner\">\n\t\t<div class=\"elementor-element elementor-element-b0c1e63 e-con-full e-flex e-con e-child\" data-id=\"b0c1e63\" data-element_type=\"container\" data-e-type=\"container\">\n\t\t\t\t<div class=\"elementor-element elementor-element-a296014 elementor-widget elementor-widget-image\" data-id=\"a296014\" data-element_type=\"widget\" data-e-type=\"widget\" data-widget_type=\"image.default\">\n\t\t\t\t<div class=\"elementor-widget-container\">\n\t\t\t\t\t\t\t\t\t\t\t\t\t\t\t<img fetchpriority=\"high\" decoding=\"async\" width=\"800\" height=\"800\" src=\"https:\/\/waterking.nl\/wp-content\/uploads\/2025\/10\/pijpenkoppelponton-2-1200x1200-1-1024x1024.jpg\" class=\"attachment-large size-large wp-image-5472\" alt=\"Koppelponton leidingwerk in het water met leiding er op\" srcset=\"https:\/\/waterking.nl\/wp-content\/uploads\/2025\/10\/pijpenkoppelponton-2-1200x1200-1-1024x1024.jpg 1024w, https:\/\/waterking.nl\/wp-content\/uploads\/2025\/10\/pijpenkoppelponton-2-1200x1200-1-300x300.jpg 300w, https:\/\/waterking.nl\/wp-content\/uploads\/2025\/10\/pijpenkoppelponton-2-1200x1200-1-150x150.jpg 150w, https:\/\/waterking.nl\/wp-content\/uploads\/2025\/10\/pijpenkoppelponton-2-1200x1200-1-768x768.jpg 768w, https:\/\/waterking.nl\/wp-content\/uploads\/2025\/10\/pijpenkoppelponton-2-1200x1200-1.jpg 1200w\" sizes=\"(max-width: 800px) 100vw, 800px\" \/>\t\t\t\t\t\t\t\t\t\t\t\t\t\t\t<\/div>\n\t\t\t\t<\/div>\n\t\t\t\t<\/div>\n\t\t<div class=\"elementor-element elementor-element-7276afe e-con-full e-flex e-con e-child\" data-id=\"7276afe\" data-element_type=\"container\" data-e-type=\"container\">\n\t\t\t\t<div class=\"elementor-element elementor-element-11879d1 elementor-widget elementor-widget-image\" data-id=\"11879d1\" data-element_type=\"widget\" data-e-type=\"widget\" data-widget_type=\"image.default\">\n\t\t\t\t<div class=\"elementor-widget-container\">\n\t\t\t\t\t\t\t\t\t\t\t\t\t\t\t<img decoding=\"async\" width=\"800\" height=\"800\" src=\"https:\/\/waterking.nl\/wp-content\/uploads\/2025\/10\/leidingkoppelponton-1-1200x1200-1-1024x1024.jpg\" class=\"attachment-large size-large wp-image-5473\" alt=\"Koppelponton voor leidingwerk in het water\" srcset=\"https:\/\/waterking.nl\/wp-content\/uploads\/2025\/10\/leidingkoppelponton-1-1200x1200-1-1024x1024.jpg 1024w, https:\/\/waterking.nl\/wp-content\/uploads\/2025\/10\/leidingkoppelponton-1-1200x1200-1-300x300.jpg 300w, https:\/\/waterking.nl\/wp-content\/uploads\/2025\/10\/leidingkoppelponton-1-1200x1200-1-150x150.jpg 150w, https:\/\/waterking.nl\/wp-content\/uploads\/2025\/10\/leidingkoppelponton-1-1200x1200-1-768x768.jpg 768w, https:\/\/waterking.nl\/wp-content\/uploads\/2025\/10\/leidingkoppelponton-1-1200x1200-1.jpg 1200w\" sizes=\"(max-width: 800px) 100vw, 800px\" \/>\t\t\t\t\t\t\t\t\t\t\t\t\t\t\t<\/div>\n\t\t\t\t<\/div>\n\t\t\t\t<\/div>\n\t\t\t\t\t<\/div>\n\t\t\t\t<\/div>\n\t\t<div class=\"elementor-element elementor-element-4a02cd11 e-flex e-con-boxed e-con e-parent\" data-id=\"4a02cd11\" data-element_type=\"container\" data-e-type=\"container\">\n\t\t\t\t\t<div class=\"e-con-inner\">\n\t\t\t\t<div class=\"elementor-element elementor-element-5656392a elementor-widget-divider--view-line_icon elementor-widget-divider--separator-type-pattern elementor-widget-divider--no-spacing elementor-view-default elementor-widget elementor-widget-divider\" data-id=\"5656392a\" data-element_type=\"widget\" data-e-type=\"widget\" data-widget_type=\"divider.default\">\n\t\t\t\t<div class=\"elementor-widget-container\">\n\t\t\t\t\t\t\t<div class=\"elementor-divider\" style=\"--divider-pattern-url: url(&quot;data:image\/svg+xml,%3Csvg xmlns=&#039;http:\/\/www.w3.org\/2000\/svg&#039; preserveAspectRatio=&#039;none&#039; overflow=&#039;visible&#039; height=&#039;100%&#039; viewBox=&#039;0 0 24 24&#039; fill=&#039;black&#039; stroke=&#039;none&#039;%3E%3Cpath d=&#039;M24,8v12H0V8H24z M24,4v1H0V4H24z&#039;\/%3E%3C\/svg%3E&quot;);\">\n\t\t\t<span class=\"elementor-divider-separator\">\n\t\t\t\t\t\t\t<div class=\"elementor-icon elementor-divider__element\">\n\t\t\t\t\t<i aria-hidden=\"true\" class=\" ti-layout-line-solid\"><\/i><\/div>\n\t\t\t\t\t\t<\/span>\n\t\t<\/div>\n\t\t\t\t\t\t<\/div>\n\t\t\t\t<\/div>\n\t\t\t\t\t<\/div>\n\t\t\t\t<\/div>\n\t\t<div class=\"elementor-element elementor-element-3cd88110 e-flex e-con-boxed e-con e-parent\" data-id=\"3cd88110\" data-element_type=\"container\" data-e-type=\"container\" data-settings=\"{&quot;background_background&quot;:&quot;classic&quot;}\">\n\t\t\t\t\t<div class=\"e-con-inner\">\n\t\t<div class=\"elementor-element elementor-element-2a37ac25 e-con-full e-flex e-con e-child\" data-id=\"2a37ac25\" data-element_type=\"container\" data-e-type=\"container\">\n\t\t\t\t<div class=\"elementor-element elementor-element-2cf30cff elementor-widget elementor-widget-image\" data-id=\"2cf30cff\" data-element_type=\"widget\" data-e-type=\"widget\" data-widget_type=\"image.default\">\n\t\t\t\t<div class=\"elementor-widget-container\">\n\t\t\t\t\t\t\t\t\t\t\t\t\t\t\t<img decoding=\"async\" width=\"150\" height=\"150\" src=\"https:\/\/waterking.nl\/wp-content\/uploads\/2025\/09\/Daniel-150x150.jpg\" class=\"attachment-thumbnail size-thumbnail wp-image-6513\" alt=\"\" \/>\t\t\t\t\t\t\t\t\t\t\t\t\t\t\t<\/div>\n\t\t\t\t<\/div>\n\t\t\t\t<\/div>\n\t\t<div class=\"elementor-element elementor-element-51d0f779 e-con-full e-flex e-con e-child\" data-id=\"51d0f779\" data-element_type=\"container\" data-e-type=\"container\">\n\t\t\t\t<div class=\"elementor-element elementor-element-349ebc69 elementor-widget elementor-widget-heading\" data-id=\"349ebc69\" data-element_type=\"widget\" data-e-type=\"widget\" data-widget_type=\"heading.default\">\n\t\t\t\t<div class=\"elementor-widget-container\">\n\t\t\t\t\t<h2 class=\"elementor-heading-title elementor-size-default\">Wir helfen Ihnen gerne weiter<\/h2>\t\t\t\t<\/div>\n\t\t\t\t<\/div>\n\t\t\t\t<div class=\"elementor-element elementor-element-615b8ed1 elementor-widget elementor-widget-text-editor\" data-id=\"615b8ed1\" data-element_type=\"widget\" data-e-type=\"widget\" data-widget_type=\"text-editor.default\">\n\t\t\t\t<div class=\"elementor-widget-container\">\n\t\t\t\t\t\t\t\t\t<p style=\"font-weight: 400;\">Haben Sie Fragen zu unserer Baggerausr\u00fcstung? Oder sind Sie sich nicht sicher, welche Ausr\u00fcstung f\u00fcr Ihre Arbeiten am besten geeignet ist? Dann kontaktieren Sie uns! Wir helfen Ihnen gerne weiter.   <\/p>\t\t\t\t\t\t\t\t<\/div>\n\t\t\t\t<\/div>\n\t\t\t\t<div class=\"elementor-element elementor-element-7218d85 elementor-align-center elementor-widget elementor-widget-button\" data-id=\"7218d85\" data-element_type=\"widget\" data-e-type=\"widget\" data-widget_type=\"button.default\">\n\t\t\t\t<div class=\"elementor-widget-container\">\n\t\t\t\t\t\t\t\t\t<div class=\"elementor-button-wrapper\">\n\t\t\t\t\t<a class=\"elementor-button elementor-button-link elementor-size-sm\" href=\"https:\/\/waterking.nl\/de\/kontaktieren-sie-uns\/\">\n\t\t\t\t\t\t<span class=\"elementor-button-content-wrapper\">\n\t\t\t\t\t\t\t\t\t<span class=\"elementor-button-text\">Kontaktieren Sie uns<\/span>\n\t\t\t\t\t<\/span>\n\t\t\t\t\t<\/a>\n\t\t\t\t<\/div>\n\t\t\t\t\t\t\t\t<\/div>\n\t\t\t\t<\/div>\n\t\t\t\t<\/div>\n\t\t\t\t\t<\/div>\n\t\t\t\t<\/div>\n\t\t<div class=\"elementor-element elementor-element-4bce81fc e-flex e-con-boxed e-con e-parent\" data-id=\"4bce81fc\" data-element_type=\"container\" data-e-type=\"container\" data-settings=\"{&quot;background_background&quot;:&quot;classic&quot;}\">\n\t\t\t\t\t<div class=\"e-con-inner\">\n\t\t\t\t<div class=\"elementor-element elementor-element-33fbc12 elementor-widget elementor-widget-spacer\" data-id=\"33fbc12\" data-element_type=\"widget\" data-e-type=\"widget\" data-widget_type=\"spacer.default\">\n\t\t\t\t<div class=\"elementor-widget-container\">\n\t\t\t\t\t\t\t<div class=\"elementor-spacer\">\n\t\t\t<div class=\"elementor-spacer-inner\"><\/div>\n\t\t<\/div>\n\t\t\t\t\t\t<\/div>\n\t\t\t\t<\/div>\n\t\t\t\t\t<\/div>\n\t\t\t\t<\/div>\n\t\t<div class=\"elementor-element elementor-element-92e8fc e-flex e-con-boxed e-con e-parent\" data-id=\"92e8fc\" data-element_type=\"container\" data-e-type=\"container\">\n\t\t\t\t\t<div class=\"e-con-inner\">\n\t\t\t\t<div class=\"elementor-element elementor-element-270cc096 elementor-widget elementor-widget-spacer\" data-id=\"270cc096\" data-element_type=\"widget\" data-e-type=\"widget\" data-widget_type=\"spacer.default\">\n\t\t\t\t<div class=\"elementor-widget-container\">\n\t\t\t\t\t\t\t<div class=\"elementor-spacer\">\n\t\t\t<div class=\"elementor-spacer-inner\"><\/div>\n\t\t<\/div>\n\t\t\t\t\t\t<\/div>\n\t\t\t\t<\/div>\n\t\t\t\t\t<\/div>\n\t\t\t\t<\/div>\n\t\t\t\t<\/div>\n\t\t","protected":false},"excerpt":{"rendered":"<p>Koppelponton f\u00fcr Leitungen Zum einfachen An- und Abkuppeln der Rohrleitungen kann ein Rohrkupplungsponton eingesetzt werden. Dieses ist mit einem Davit-Kran mit Winde und Spud-Pole-H\u00fclsen ausgestattet. M\u00f6gliche Optionen f\u00fcr diese Spezies-Koppelpontons: Davitkran mit Winde Ankerpf\u00e4hle Rohrschwimmer Flexibler Baggerschl\u00e4uche HDPE-Druckleitung Produktblatt Transportdetails Wir helfen Ihnen gerne weiter Haben Sie Fragen zu unserer Baggerausr\u00fcstung? Oder sind Sie sich [&hellip;]<\/p>\n","protected":false},"author":1,"featured_media":0,"parent":5358,"menu_order":0,"comment_status":"closed","ping_status":"closed","template":"","meta":{"footnotes":""},"class_list":["post-5474","page","type-page","status-publish","hentry"],"yoast_head":"<!-- This site is optimized with the Yoast SEO plugin v27.3 - https:\/\/yoast.com\/product\/yoast-seo-wordpress\/ -->\n<title>Koppelponton f\u00fcr Leitungen | Waterking<\/title>\n<meta name=\"description\" content=\"Mit diesen Rohrverbindungspontons l\u00e4sst sich die Verbindung der Rohrleitungen auf dem Wasser ganz einfach herstellen. Ingenious for you.\" \/>\n<meta name=\"robots\" content=\"index, follow, max-snippet:-1, max-image-preview:large, max-video-preview:-1\" \/>\n<link rel=\"canonical\" href=\"https:\/\/waterking.nl\/de\/baggerausruestung\/koppelponton-fuer-leitungen\/\" \/>\n<meta property=\"og:locale\" content=\"de_DE\" \/>\n<meta property=\"og:type\" content=\"article\" \/>\n<meta property=\"og:title\" content=\"Koppelponton f\u00fcr Leitungen | Waterking\" \/>\n<meta property=\"og:description\" content=\"Mit diesen Rohrverbindungspontons l\u00e4sst sich die Verbindung der Rohrleitungen auf dem Wasser ganz einfach herstellen. Ingenious for you.\" \/>\n<meta property=\"og:url\" content=\"https:\/\/waterking.nl\/de\/baggerausruestung\/koppelponton-fuer-leitungen\/\" \/>\n<meta property=\"og:site_name\" content=\"Waterking\" \/>\n<meta property=\"article:modified_time\" content=\"2026-02-05T15:55:21+00:00\" \/>\n<meta property=\"og:image\" content=\"https:\/\/waterking.nl\/wp-content\/uploads\/2025\/10\/pijpenkoppelponton-2-1200x1200-1.jpg\" \/>\n\t<meta property=\"og:image:width\" content=\"1200\" \/>\n\t<meta property=\"og:image:height\" content=\"1200\" \/>\n\t<meta property=\"og:image:type\" content=\"image\/jpeg\" \/>\n<meta name=\"twitter:card\" content=\"summary_large_image\" \/>\n<script type=\"application\/ld+json\" class=\"yoast-schema-graph\">{\"@context\":\"https:\\\/\\\/schema.org\",\"@graph\":[{\"@type\":\"WebPage\",\"@id\":\"https:\\\/\\\/waterking.nl\\\/de\\\/baggerausruestung\\\/koppelponton-fuer-leitungen\\\/\",\"url\":\"https:\\\/\\\/waterking.nl\\\/de\\\/baggerausruestung\\\/koppelponton-fuer-leitungen\\\/\",\"name\":\"Koppelponton f\u00fcr Leitungen | Waterking\",\"isPartOf\":{\"@id\":\"https:\\\/\\\/waterking.nl\\\/de\\\/#website\"},\"primaryImageOfPage\":{\"@id\":\"https:\\\/\\\/waterking.nl\\\/de\\\/baggerausruestung\\\/koppelponton-fuer-leitungen\\\/#primaryimage\"},\"image\":{\"@id\":\"https:\\\/\\\/waterking.nl\\\/de\\\/baggerausruestung\\\/koppelponton-fuer-leitungen\\\/#primaryimage\"},\"thumbnailUrl\":\"https:\\\/\\\/waterking.nl\\\/wp-content\\\/uploads\\\/2025\\\/10\\\/pijpenkoppelponton-2-1200x1200-1-1024x1024.jpg\",\"datePublished\":\"2025-10-22T10:23:03+00:00\",\"dateModified\":\"2026-02-05T15:55:21+00:00\",\"description\":\"Mit diesen Rohrverbindungspontons l\u00e4sst sich die Verbindung der Rohrleitungen auf dem Wasser ganz einfach herstellen. Ingenious for you.\",\"breadcrumb\":{\"@id\":\"https:\\\/\\\/waterking.nl\\\/de\\\/baggerausruestung\\\/koppelponton-fuer-leitungen\\\/#breadcrumb\"},\"inLanguage\":\"de\",\"potentialAction\":[{\"@type\":\"ReadAction\",\"target\":[\"https:\\\/\\\/waterking.nl\\\/de\\\/baggerausruestung\\\/koppelponton-fuer-leitungen\\\/\"]}]},{\"@type\":\"ImageObject\",\"inLanguage\":\"de\",\"@id\":\"https:\\\/\\\/waterking.nl\\\/de\\\/baggerausruestung\\\/koppelponton-fuer-leitungen\\\/#primaryimage\",\"url\":\"https:\\\/\\\/waterking.nl\\\/wp-content\\\/uploads\\\/2025\\\/10\\\/pijpenkoppelponton-2-1200x1200-1-1024x1024.jpg\",\"contentUrl\":\"https:\\\/\\\/waterking.nl\\\/wp-content\\\/uploads\\\/2025\\\/10\\\/pijpenkoppelponton-2-1200x1200-1-1024x1024.jpg\"},{\"@type\":\"BreadcrumbList\",\"@id\":\"https:\\\/\\\/waterking.nl\\\/de\\\/baggerausruestung\\\/koppelponton-fuer-leitungen\\\/#breadcrumb\",\"itemListElement\":[{\"@type\":\"ListItem\",\"position\":1,\"name\":\"Home\",\"item\":\"https:\\\/\\\/waterking.nl\\\/de\\\/home\\\/\"},{\"@type\":\"ListItem\",\"position\":2,\"name\":\"Baggerausr\u00fcstung\",\"item\":\"https:\\\/\\\/waterking.nl\\\/de\\\/baggerausruestung\\\/\"},{\"@type\":\"ListItem\",\"position\":3,\"name\":\"Koppelponton f\u00fcr Leitungen\"}]},{\"@type\":\"WebSite\",\"@id\":\"https:\\\/\\\/waterking.nl\\\/de\\\/#website\",\"url\":\"https:\\\/\\\/waterking.nl\\\/de\\\/\",\"name\":\"Waterking\",\"description\":\"Ingenious for you\",\"publisher\":{\"@id\":\"https:\\\/\\\/waterking.nl\\\/de\\\/#organization\"},\"potentialAction\":[{\"@type\":\"SearchAction\",\"target\":{\"@type\":\"EntryPoint\",\"urlTemplate\":\"https:\\\/\\\/waterking.nl\\\/de\\\/?s={search_term_string}\"},\"query-input\":{\"@type\":\"PropertyValueSpecification\",\"valueRequired\":true,\"valueName\":\"search_term_string\"}}],\"inLanguage\":\"de\"},{\"@type\":\"Organization\",\"@id\":\"https:\\\/\\\/waterking.nl\\\/de\\\/#organization\",\"name\":\"Waterking\",\"url\":\"https:\\\/\\\/waterking.nl\\\/de\\\/\",\"logo\":{\"@type\":\"ImageObject\",\"inLanguage\":\"de\",\"@id\":\"https:\\\/\\\/waterking.nl\\\/de\\\/#\\\/schema\\\/logo\\\/image\\\/\",\"url\":\"https:\\\/\\\/waterking.nl\\\/wp-content\\\/uploads\\\/2025\\\/05\\\/Waterking-logo-waterking-aeh-FC.png\",\"contentUrl\":\"https:\\\/\\\/waterking.nl\\\/wp-content\\\/uploads\\\/2025\\\/05\\\/Waterking-logo-waterking-aeh-FC.png\",\"width\":997,\"height\":1282,\"caption\":\"Waterking\"},\"image\":{\"@id\":\"https:\\\/\\\/waterking.nl\\\/de\\\/#\\\/schema\\\/logo\\\/image\\\/\"}}]}<\/script>\n<!-- \/ Yoast SEO plugin. -->","yoast_head_json":{"title":"Koppelponton f\u00fcr Leitungen | Waterking","description":"Mit diesen Rohrverbindungspontons l\u00e4sst sich die Verbindung der Rohrleitungen auf dem Wasser ganz einfach herstellen. Ingenious for you.","robots":{"index":"index","follow":"follow","max-snippet":"max-snippet:-1","max-image-preview":"max-image-preview:large","max-video-preview":"max-video-preview:-1"},"canonical":"https:\/\/waterking.nl\/de\/baggerausruestung\/koppelponton-fuer-leitungen\/","og_locale":"de_DE","og_type":"article","og_title":"Koppelponton f\u00fcr Leitungen | Waterking","og_description":"Mit diesen Rohrverbindungspontons l\u00e4sst sich die Verbindung der Rohrleitungen auf dem Wasser ganz einfach herstellen. Ingenious for you.","og_url":"https:\/\/waterking.nl\/de\/baggerausruestung\/koppelponton-fuer-leitungen\/","og_site_name":"Waterking","article_modified_time":"2026-02-05T15:55:21+00:00","og_image":[{"width":1200,"height":1200,"url":"https:\/\/waterking.nl\/wp-content\/uploads\/2025\/10\/pijpenkoppelponton-2-1200x1200-1.jpg","type":"image\/jpeg"}],"twitter_card":"summary_large_image","schema":{"@context":"https:\/\/schema.org","@graph":[{"@type":"WebPage","@id":"https:\/\/waterking.nl\/de\/baggerausruestung\/koppelponton-fuer-leitungen\/","url":"https:\/\/waterking.nl\/de\/baggerausruestung\/koppelponton-fuer-leitungen\/","name":"Koppelponton f\u00fcr Leitungen | Waterking","isPartOf":{"@id":"https:\/\/waterking.nl\/de\/#website"},"primaryImageOfPage":{"@id":"https:\/\/waterking.nl\/de\/baggerausruestung\/koppelponton-fuer-leitungen\/#primaryimage"},"image":{"@id":"https:\/\/waterking.nl\/de\/baggerausruestung\/koppelponton-fuer-leitungen\/#primaryimage"},"thumbnailUrl":"https:\/\/waterking.nl\/wp-content\/uploads\/2025\/10\/pijpenkoppelponton-2-1200x1200-1-1024x1024.jpg","datePublished":"2025-10-22T10:23:03+00:00","dateModified":"2026-02-05T15:55:21+00:00","description":"Mit diesen Rohrverbindungspontons l\u00e4sst sich die Verbindung der Rohrleitungen auf dem Wasser ganz einfach herstellen. Ingenious for you.","breadcrumb":{"@id":"https:\/\/waterking.nl\/de\/baggerausruestung\/koppelponton-fuer-leitungen\/#breadcrumb"},"inLanguage":"de","potentialAction":[{"@type":"ReadAction","target":["https:\/\/waterking.nl\/de\/baggerausruestung\/koppelponton-fuer-leitungen\/"]}]},{"@type":"ImageObject","inLanguage":"de","@id":"https:\/\/waterking.nl\/de\/baggerausruestung\/koppelponton-fuer-leitungen\/#primaryimage","url":"https:\/\/waterking.nl\/wp-content\/uploads\/2025\/10\/pijpenkoppelponton-2-1200x1200-1-1024x1024.jpg","contentUrl":"https:\/\/waterking.nl\/wp-content\/uploads\/2025\/10\/pijpenkoppelponton-2-1200x1200-1-1024x1024.jpg"},{"@type":"BreadcrumbList","@id":"https:\/\/waterking.nl\/de\/baggerausruestung\/koppelponton-fuer-leitungen\/#breadcrumb","itemListElement":[{"@type":"ListItem","position":1,"name":"Home","item":"https:\/\/waterking.nl\/de\/home\/"},{"@type":"ListItem","position":2,"name":"Baggerausr\u00fcstung","item":"https:\/\/waterking.nl\/de\/baggerausruestung\/"},{"@type":"ListItem","position":3,"name":"Koppelponton f\u00fcr Leitungen"}]},{"@type":"WebSite","@id":"https:\/\/waterking.nl\/de\/#website","url":"https:\/\/waterking.nl\/de\/","name":"Waterking","description":"Ingenious for you","publisher":{"@id":"https:\/\/waterking.nl\/de\/#organization"},"potentialAction":[{"@type":"SearchAction","target":{"@type":"EntryPoint","urlTemplate":"https:\/\/waterking.nl\/de\/?s={search_term_string}"},"query-input":{"@type":"PropertyValueSpecification","valueRequired":true,"valueName":"search_term_string"}}],"inLanguage":"de"},{"@type":"Organization","@id":"https:\/\/waterking.nl\/de\/#organization","name":"Waterking","url":"https:\/\/waterking.nl\/de\/","logo":{"@type":"ImageObject","inLanguage":"de","@id":"https:\/\/waterking.nl\/de\/#\/schema\/logo\/image\/","url":"https:\/\/waterking.nl\/wp-content\/uploads\/2025\/05\/Waterking-logo-waterking-aeh-FC.png","contentUrl":"https:\/\/waterking.nl\/wp-content\/uploads\/2025\/05\/Waterking-logo-waterking-aeh-FC.png","width":997,"height":1282,"caption":"Waterking"},"image":{"@id":"https:\/\/waterking.nl\/de\/#\/schema\/logo\/image\/"}}]}},"_links":{"self":[{"href":"https:\/\/waterking.nl\/de\/wp-json\/wp\/v2\/pages\/5474","targetHints":{"allow":["GET"]}}],"collection":[{"href":"https:\/\/waterking.nl\/de\/wp-json\/wp\/v2\/pages"}],"about":[{"href":"https:\/\/waterking.nl\/de\/wp-json\/wp\/v2\/types\/page"}],"author":[{"embeddable":true,"href":"https:\/\/waterking.nl\/de\/wp-json\/wp\/v2\/users\/1"}],"replies":[{"embeddable":true,"href":"https:\/\/waterking.nl\/de\/wp-json\/wp\/v2\/comments?post=5474"}],"version-history":[{"count":3,"href":"https:\/\/waterking.nl\/de\/wp-json\/wp\/v2\/pages\/5474\/revisions"}],"predecessor-version":[{"id":6665,"href":"https:\/\/waterking.nl\/de\/wp-json\/wp\/v2\/pages\/5474\/revisions\/6665"}],"up":[{"embeddable":true,"href":"https:\/\/waterking.nl\/de\/wp-json\/wp\/v2\/pages\/5358"}],"wp:attachment":[{"href":"https:\/\/waterking.nl\/de\/wp-json\/wp\/v2\/media?parent=5474"}],"curies":[{"name":"wp","href":"https:\/\/api.w.org\/{rel}","templated":true}]}}