{"id":5674,"date":"2025-06-02T15:11:48","date_gmt":"2025-06-02T14:11:48","guid":{"rendered":"https:\/\/waterkingtest.nl\/sehen-sie-sich-unsere-offenen-stellenangebote-an\/"},"modified":"2026-02-16T12:04:00","modified_gmt":"2026-02-16T11:04:00","slug":"sehen-sie-sich-unsere-offenen-stellenangebote-an","status":"publish","type":"page","link":"https:\/\/waterking.nl\/de\/sehen-sie-sich-unsere-offenen-stellenangebote-an\/","title":{"rendered":"Sehen Sie sich unsere offenen Stellenangebote an"},"content":{"rendered":"\t\t<div data-elementor-type=\"wp-page\" data-elementor-id=\"5674\" class=\"elementor elementor-5674 elementor-318\" data-elementor-post-type=\"page\">\n\t\t\t\t<div class=\"elementor-element elementor-element-22235260 parallax-fade e-flex e-con-boxed e-con e-parent\" data-id=\"22235260\" data-element_type=\"container\" data-e-type=\"container\" data-settings=\"{&quot;background_background&quot;:&quot;classic&quot;}\">\n\t\t\t\t\t<div class=\"e-con-inner\">\n\t\t\t\t<div class=\"elementor-element elementor-element-215c3405 elementor-widget elementor-widget-spacer\" data-id=\"215c3405\" data-element_type=\"widget\" data-e-type=\"widget\" data-widget_type=\"spacer.default\">\n\t\t\t\t<div class=\"elementor-widget-container\">\n\t\t\t\t\t\t\t<div class=\"elementor-spacer\">\n\t\t\t<div class=\"elementor-spacer-inner\"><\/div>\n\t\t<\/div>\n\t\t\t\t\t\t<\/div>\n\t\t\t\t<\/div>\n\t\t\t\t\t<\/div>\n\t\t\t\t<\/div>\n\t\t<div class=\"elementor-element elementor-element-2ad00d64 e-flex e-con-boxed e-con e-parent\" data-id=\"2ad00d64\" data-element_type=\"container\" data-e-type=\"container\">\n\t\t\t\t\t<div class=\"e-con-inner\">\n\t\t<div class=\"elementor-element elementor-element-265fe03e e-con-full text-parallax e-flex e-con e-child\" data-id=\"265fe03e\" data-element_type=\"container\" data-e-type=\"container\">\n\t\t\t\t<div class=\"elementor-element elementor-element-75216404 elementor-widget-divider--view-line_icon elementor-view-default elementor-widget-divider--element-align-center elementor-widget elementor-widget-divider\" data-id=\"75216404\" data-element_type=\"widget\" data-e-type=\"widget\" data-widget_type=\"divider.default\">\n\t\t\t\t<div class=\"elementor-widget-container\">\n\t\t\t\t\t\t\t<div class=\"elementor-divider\">\n\t\t\t<span class=\"elementor-divider-separator\">\n\t\t\t\t\t\t\t<div class=\"elementor-icon elementor-divider__element\">\n\t\t\t\t\t<i aria-hidden=\"true\" class=\" ti-layout-line-solid\"><\/i><\/div>\n\t\t\t\t\t\t<\/span>\n\t\t<\/div>\n\t\t\t\t\t\t<\/div>\n\t\t\t\t<\/div>\n\t\t\t\t<div class=\"elementor-element elementor-element-7b5a123a elementor-widget elementor-widget-heading\" data-id=\"7b5a123a\" data-element_type=\"widget\" data-e-type=\"widget\" data-widget_type=\"heading.default\">\n\t\t\t\t<div class=\"elementor-widget-container\">\n\t\t\t\t\t<h1 class=\"elementor-heading-title elementor-size-default\">Neuigkeiten &amp; Blog<\/h1>\t\t\t\t<\/div>\n\t\t\t\t<\/div>\n\t\t\t\t<div class=\"elementor-element elementor-element-34fa91c7 elementor-widget elementor-widget-text-editor\" data-id=\"34fa91c7\" data-element_type=\"widget\" data-e-type=\"widget\" data-widget_type=\"text-editor.default\">\n\t\t\t\t<div class=\"elementor-widget-container\">\n\t\t\t\t\t\t\t\t\t<p><em>Waterking entwickelt sich st\u00e4ndig weiter! Und diese Entwicklungen k\u00f6nnen Sie ganz einfach \u00fcber diese Seite im Auge behalten. Auf welchen Messen wir vertreten sind, welche Maschinen wir wieder aus dem \u00c4rmel gesch\u00fcttelt haben und was uns alles besch\u00e4ftigt. Alle Waterking-Neuigkeiten an einem Ort.    <\/em><\/p>\t\t\t\t\t\t\t\t<\/div>\n\t\t\t\t<\/div>\n\t\t\t\t<div class=\"elementor-element elementor-element-4b15a674 elementor-widget-divider--view-line_icon elementor-view-default elementor-widget-divider--element-align-center elementor-widget elementor-widget-divider\" data-id=\"4b15a674\" data-element_type=\"widget\" data-e-type=\"widget\" data-widget_type=\"divider.default\">\n\t\t\t\t<div class=\"elementor-widget-container\">\n\t\t\t\t\t\t\t<div class=\"elementor-divider\">\n\t\t\t<span class=\"elementor-divider-separator\">\n\t\t\t\t\t\t\t<div class=\"elementor-icon elementor-divider__element\">\n\t\t\t\t\t<i aria-hidden=\"true\" class=\" ti-layout-line-solid\"><\/i><\/div>\n\t\t\t\t\t\t<\/span>\n\t\t<\/div>\n\t\t\t\t\t\t<\/div>\n\t\t\t\t<\/div>\n\t\t\t\t<div class=\"elementor-element elementor-element-f12257b elementor-widget elementor-widget-heading\" data-id=\"f12257b\" data-element_type=\"widget\" data-e-type=\"widget\" data-widget_type=\"heading.default\">\n\t\t\t\t<div class=\"elementor-widget-container\">\n\t\t\t\t\t<h2 class=\"elementor-heading-title elementor-size-default\">Mehr dazu in K\u00fcrze<\/h2>\t\t\t\t<\/div>\n\t\t\t\t<\/div>\n\t\t\t\t<\/div>\n\t\t\t\t\t<\/div>\n\t\t\t\t<\/div>\n\t\t<div class=\"elementor-element elementor-element-c1b1163 elementor-hidden-desktop elementor-hidden-tablet elementor-hidden-mobile e-flex e-con-boxed e-con e-parent\" data-id=\"c1b1163\" data-element_type=\"container\" data-e-type=\"container\">\n\t\t\t\t\t<div class=\"e-con-inner\">\n\t\t<div class=\"elementor-element elementor-element-190ea41 e-con-full e-flex e-con e-child\" data-id=\"190ea41\" data-element_type=\"container\" data-e-type=\"container\">\n\t\t<div class=\"elementor-element elementor-element-61cdc47 e-con-full e-flex e-con e-child\" data-id=\"61cdc47\" data-element_type=\"container\" data-e-type=\"container\">\n\t\t\t\t<div class=\"elementor-element elementor-element-fa36f32 elementor-widget elementor-widget-image\" data-id=\"fa36f32\" data-element_type=\"widget\" data-e-type=\"widget\" data-widget_type=\"image.default\">\n\t\t\t\t<div class=\"elementor-widget-container\">\n\t\t\t\t\t\t\t\t\t\t\t\t\t\t\t<img fetchpriority=\"high\" decoding=\"async\" width=\"800\" height=\"451\" src=\"https:\/\/waterking.nl\/wp-content\/uploads\/2025\/09\/DSCF7227-1024x577.jpg\" class=\"attachment-large size-large wp-image-5317\" alt=\"\" srcset=\"https:\/\/waterking.nl\/wp-content\/uploads\/2025\/09\/DSCF7227-1024x577.jpg 1024w, https:\/\/waterking.nl\/wp-content\/uploads\/2025\/09\/DSCF7227-300x169.jpg 300w, https:\/\/waterking.nl\/wp-content\/uploads\/2025\/09\/DSCF7227-768x433.jpg 768w, https:\/\/waterking.nl\/wp-content\/uploads\/2025\/09\/DSCF7227-1536x865.jpg 1536w, https:\/\/waterking.nl\/wp-content\/uploads\/2025\/09\/DSCF7227-2048x1154.jpg 2048w\" sizes=\"(max-width: 800px) 100vw, 800px\" \/>\t\t\t\t\t\t\t\t\t\t\t\t\t\t\t<\/div>\n\t\t\t\t<\/div>\n\t\t\t\t<\/div>\n\t\t<div class=\"elementor-element elementor-element-bfb6c64 e-con-full e-flex e-con e-child\" data-id=\"bfb6c64\" data-element_type=\"container\" data-e-type=\"container\">\n\t\t<div class=\"elementor-element elementor-element-46d0e14 e-con-full e-flex e-con e-child\" data-id=\"46d0e14\" data-element_type=\"container\" data-e-type=\"container\">\n\t\t\t\t<div class=\"elementor-element elementor-element-00b6e7d elementor-widget elementor-widget-button\" data-id=\"00b6e7d\" data-element_type=\"widget\" data-e-type=\"widget\" data-widget_type=\"button.default\">\n\t\t\t\t<div class=\"elementor-widget-container\">\n\t\t\t\t\t\t\t\t\t<div class=\"elementor-button-wrapper\">\n\t\t\t\t\t<a class=\"elementor-button elementor-button-link elementor-size-sm\" href=\"#\">\n\t\t\t\t\t\t<span class=\"elementor-button-content-wrapper\">\n\t\t\t\t\t\t\t\t\t<span class=\"elementor-button-text\">Nachhaltigkeit<\/span>\n\t\t\t\t\t<\/span>\n\t\t\t\t\t<\/a>\n\t\t\t\t<\/div>\n\t\t\t\t\t\t\t\t<\/div>\n\t\t\t\t<\/div>\n\t\t\t\t<div class=\"elementor-element elementor-element-95793d9 elementor-align-center elementor-icon-list--layout-traditional elementor-list-item-link-full_width elementor-widget elementor-widget-icon-list\" data-id=\"95793d9\" data-element_type=\"widget\" data-e-type=\"widget\" data-widget_type=\"icon-list.default\">\n\t\t\t\t<div class=\"elementor-widget-container\">\n\t\t\t\t\t\t\t<ul class=\"elementor-icon-list-items\">\n\t\t\t\t\t\t\t<li class=\"elementor-icon-list-item\">\n\t\t\t\t\t\t\t\t\t\t\t<span class=\"elementor-icon-list-icon\">\n\t\t\t\t\t\t\t<svg aria-hidden=\"true\" class=\"e-font-icon-svg e-far-calendar\" viewBox=\"0 0 448 512\" xmlns=\"http:\/\/www.w3.org\/2000\/svg\"><path d=\"M400 64h-48V12c0-6.6-5.4-12-12-12h-40c-6.6 0-12 5.4-12 12v52H160V12c0-6.6-5.4-12-12-12h-40c-6.6 0-12 5.4-12 12v52H48C21.5 64 0 85.5 0 112v352c0 26.5 21.5 48 48 48h352c26.5 0 48-21.5 48-48V112c0-26.5-21.5-48-48-48zm-6 400H54c-3.3 0-6-2.7-6-6V160h352v298c0 3.3-2.7 6-6 6z\"><\/path><\/svg>\t\t\t\t\t\t<\/span>\n\t\t\t\t\t\t\t\t\t\t<span class=\"elementor-icon-list-text\">14. November 2023<\/span>\n\t\t\t\t\t\t\t\t\t<\/li>\n\t\t\t\t\t\t<\/ul>\n\t\t\t\t\t\t<\/div>\n\t\t\t\t<\/div>\n\t\t\t\t<\/div>\n\t\t<div class=\"elementor-element elementor-element-ddac021 e-con-full e-flex e-con e-child\" data-id=\"ddac021\" data-element_type=\"container\" data-e-type=\"container\">\n\t\t\t\t<div class=\"elementor-element elementor-element-0086520 elementor-widget elementor-widget-heading\" data-id=\"0086520\" data-element_type=\"widget\" data-e-type=\"widget\" data-widget_type=\"heading.default\">\n\t\t\t\t<div class=\"elementor-widget-container\">\n\t\t\t\t\t<h2 class=\"elementor-heading-title elementor-size-default\">Waterking erreicht Stufe 3 der CO2-Leistungsleiter<\/h2>\t\t\t\t<\/div>\n\t\t\t\t<\/div>\n\t\t\t\t<div class=\"elementor-element elementor-element-fabd9cf elementor-widget elementor-widget-text-editor\" data-id=\"fabd9cf\" data-element_type=\"widget\" data-e-type=\"widget\" data-widget_type=\"text-editor.default\">\n\t\t\t\t<div class=\"elementor-widget-container\">\n\t\t\t\t\t\t\t\t\t<p class=\"text-secondary-darkgray mb-8 leading-relaxed text-lg\">Waterking erreicht Stufe 3 der CO2-Leistungsleiter Knoop Holding und ihre Tochterunternehmen Waterking, Knoop BV und Knoop Machinery wollen aus dem gesellschaftlichen Kontext heraus zu einer nachhaltige(re)n Welt beitragen. Dabei gilt nach wie vor der Gedanke: [&#8230;] <\/p>\t\t\t\t\t\t\t\t<\/div>\n\t\t\t\t<\/div>\n\t\t\t\t<div class=\"elementor-element elementor-element-30a4cdb elementor-widget elementor-widget-button\" data-id=\"30a4cdb\" data-element_type=\"widget\" data-e-type=\"widget\" data-widget_type=\"button.default\">\n\t\t\t\t<div class=\"elementor-widget-container\">\n\t\t\t\t\t\t\t\t\t<div class=\"elementor-button-wrapper\">\n\t\t\t\t\t<a class=\"elementor-button elementor-button-link elementor-size-sm\" href=\"#\">\n\t\t\t\t\t\t<span class=\"elementor-button-content-wrapper\">\n\t\t\t\t\t\t<span class=\"elementor-button-icon\">\n\t\t\t\t<svg aria-hidden=\"true\" class=\"e-font-icon-svg e-fas-arrow-right\" viewBox=\"0 0 448 512\" xmlns=\"http:\/\/www.w3.org\/2000\/svg\"><path d=\"M190.5 66.9l22.2-22.2c9.4-9.4 24.6-9.4 33.9 0L441 239c9.4 9.4 9.4 24.6 0 33.9L246.6 467.3c-9.4 9.4-24.6 9.4-33.9 0l-22.2-22.2c-9.5-9.5-9.3-25 .4-34.3L311.4 296H24c-13.3 0-24-10.7-24-24v-32c0-13.3 10.7-24 24-24h287.4L190.9 101.2c-9.8-9.3-10-24.8-.4-34.3z\"><\/path><\/svg>\t\t\t<\/span>\n\t\t\t\t\t\t\t\t\t<span class=\"elementor-button-text\">Mehr erfahren<\/span>\n\t\t\t\t\t<\/span>\n\t\t\t\t\t<\/a>\n\t\t\t\t<\/div>\n\t\t\t\t\t\t\t\t<\/div>\n\t\t\t\t<\/div>\n\t\t\t\t<\/div>\n\t\t\t\t<\/div>\n\t\t\t\t<\/div>\n\t\t\t\t\t<\/div>\n\t\t\t\t<\/div>\n\t\t<div class=\"elementor-element elementor-element-4d67424 elementor-hidden-desktop elementor-hidden-tablet elementor-hidden-mobile e-flex e-con-boxed e-con e-parent\" data-id=\"4d67424\" data-element_type=\"container\" data-e-type=\"container\">\n\t\t\t\t\t<div class=\"e-con-inner\">\n\t\t\t\t\t<\/div>\n\t\t\t\t<\/div>\n\t\t<div class=\"elementor-element elementor-element-30cc77b3 parallax-fade e-flex e-con-boxed e-con e-parent\" data-id=\"30cc77b3\" data-element_type=\"container\" data-e-type=\"container\" data-settings=\"{&quot;background_background&quot;:&quot;classic&quot;}\">\n\t\t\t\t\t<div class=\"e-con-inner\">\n\t\t\t\t<div class=\"elementor-element elementor-element-2a3c9cd5 elementor-widget-divider--view-line elementor-widget elementor-widget-divider\" data-id=\"2a3c9cd5\" data-element_type=\"widget\" data-e-type=\"widget\" data-widget_type=\"divider.default\">\n\t\t\t\t<div class=\"elementor-widget-container\">\n\t\t\t\t\t\t\t<div class=\"elementor-divider\">\n\t\t\t<span class=\"elementor-divider-separator\">\n\t\t\t\t\t\t<\/span>\n\t\t<\/div>\n\t\t\t\t\t\t<\/div>\n\t\t\t\t<\/div>\n\t\t\t\t<div class=\"elementor-element elementor-element-c6c79e5 elementor-widget elementor-widget-heading\" data-id=\"c6c79e5\" data-element_type=\"widget\" data-e-type=\"widget\" data-widget_type=\"heading.default\">\n\t\t\t\t<div class=\"elementor-widget-container\">\n\t\t\t\t\t<h2 class=\"elementor-heading-title elementor-size-default\">St\u00e4ndig in Bewegung. Ingenious for you. <\/h2>\t\t\t\t<\/div>\n\t\t\t\t<\/div>\n\t\t\t\t<div class=\"elementor-element elementor-element-737d283c elementor-widget elementor-widget-text-editor\" data-id=\"737d283c\" data-element_type=\"widget\" data-e-type=\"widget\" data-widget_type=\"text-editor.default\">\n\t\t\t\t<div class=\"elementor-widget-container\">\n\t\t\t\t\t\t\t\t\t<p>Kommen Sie nicht weiter oder m\u00f6chten Sie mehr erfahren? Nehmen Sie Kontakt mit uns auf, damit wir Ihnen weiterhelfen k\u00f6nnen! <\/p>\t\t\t\t\t\t\t\t<\/div>\n\t\t\t\t<\/div>\n\t\t\t\t<div class=\"elementor-element elementor-element-390b623c elementor-align-center elementor-widget elementor-widget-button\" data-id=\"390b623c\" data-element_type=\"widget\" data-e-type=\"widget\" data-widget_type=\"button.default\">\n\t\t\t\t<div class=\"elementor-widget-container\">\n\t\t\t\t\t\t\t\t\t<div class=\"elementor-button-wrapper\">\n\t\t\t\t\t<a class=\"elementor-button elementor-button-link elementor-size-sm elementor-animation-shrink\" href=\"https:\/\/waterking.nl\/de\/kontaktieren-sie-uns\/\">\n\t\t\t\t\t\t<span class=\"elementor-button-content-wrapper\">\n\t\t\t\t\t\t\t\t\t<span class=\"elementor-button-text\">Kontaktieren Sie uns<\/span>\n\t\t\t\t\t<\/span>\n\t\t\t\t\t<\/a>\n\t\t\t\t<\/div>\n\t\t\t\t\t\t\t\t<\/div>\n\t\t\t\t<\/div>\n\t\t\t\t\t<\/div>\n\t\t\t\t<\/div>\n\t\t<div class=\"elementor-element elementor-element-7f4b0433 e-flex e-con-boxed e-con e-parent\" data-id=\"7f4b0433\" data-element_type=\"container\" data-e-type=\"container\">\n\t\t\t\t\t<div class=\"e-con-inner\">\n\t\t\t\t<div class=\"elementor-element elementor-element-7e469a2b elementor-widget elementor-widget-html\" data-id=\"7e469a2b\" data-element_type=\"widget\" data-e-type=\"widget\" data-widget_type=\"html.default\">\n\t\t\t\t<div class=\"elementor-widget-container\">\n\t\t\t\t\t<script>(() => {\r\n  const SPEED = 0.05;     \/\/ lichte parallax omhoog\r\n  const FADE_PORTION = 0.9; \/\/ hoe snel hij uitfadet: lager = sneller\r\n\r\n  const els = document.querySelectorAll('.parallax-fade');\r\n  if (!els.length) return;\r\n\r\n  const clamp = (n,min,max) => Math.max(min, Math.min(max, n));\r\n  let ticking = false;\r\n\r\n  function update() {\r\n    els.forEach(el => {\r\n      const rect = el.getBoundingClientRect();\r\n      const styles = getComputedStyle(el);\r\n\r\n      \/* Basisposities uit CSS-variabelen *\/\r\n      const baseX = styles.getPropertyValue('--baseX')?.trim() || '50%';\r\n      const baseY = parseInt(styles.getPropertyValue('--baseY') || 0);\r\n\r\n      \/* Parallax (naar boven bewegen = minteken) *\/\r\n      const y = -(window.scrollY - el.offsetTop) * SPEED + baseY;\r\n      el.style.backgroundPosition = `${baseX} ${y}px`;\r\n\r\n      \/* Fade berekening *\/\r\n      let progress = (window.scrollY - el.offsetTop) \/ (el.offsetHeight * FADE_PORTION);\r\n      const fade = clamp(progress, 0, 1);\r\n\r\n      el.style.setProperty('--fade', fade.toFixed(3));\r\n    });\r\n    ticking = false;\r\n  }\r\n\r\n  function onScroll(){ if (!ticking){ ticking = true; requestAnimationFrame(update); } }\r\n\r\n  document.addEventListener('scroll', onScroll, { passive:true });\r\n  window.addEventListener('resize', update);\r\n  update();\r\n})();\r\n<\/script>\t\t\t\t<\/div>\n\t\t\t\t<\/div>\n\t\t\t\t<div class=\"elementor-element elementor-element-6f4b6007 elementor-widget elementor-widget-html\" data-id=\"6f4b6007\" data-element_type=\"widget\" data-e-type=\"widget\" data-widget_type=\"html.default\">\n\t\t\t\t<div class=\"elementor-widget-container\">\n\t\t\t\t\t<script>(() => {\n  const SPEED = 0.2; \/\/ hoe sterk de tekst naar boven schuift\n  const els = document.querySelectorAll('.text-parallax');\n  if (!els.length) return;\n\n  let ticking = false;\n\n  function update() {\n    els.forEach(el => {\n      const rect = el.getBoundingClientRect();\n      const y = -(window.scrollY - el.offsetTop) * SPEED;\n      el.style.transform = `translateY(${y}px)`;\n    });\n    ticking = false;\n  }\n\n  function onScroll(){ if (!ticking){ ticking = true; requestAnimationFrame(update); } }\n\n  document.addEventListener('scroll', onScroll, { passive:true });\n  window.addEventListener('resize', update);\n  update();\n})();\n<\/script>\t\t\t\t<\/div>\n\t\t\t\t<\/div>\n\t\t\t\t\t<\/div>\n\t\t\t\t<\/div>\n\t\t\t\t<\/div>\n\t\t","protected":false},"excerpt":{"rendered":"<p>Neuigkeiten &amp; Blog Waterking entwickelt sich st\u00e4ndig weiter! Und diese Entwicklungen k\u00f6nnen Sie ganz einfach \u00fcber diese Seite im Auge behalten. Auf welchen Messen wir vertreten sind, welche Maschinen wir wieder aus dem \u00c4rmel gesch\u00fcttelt haben und was uns alles besch\u00e4ftigt. Alle Waterking-Neuigkeiten an einem Ort. Mehr dazu in K\u00fcrze Nachhaltigkeit 14. November 2023 Waterking [&hellip;]<\/p>\n","protected":false},"author":1,"featured_media":0,"parent":0,"menu_order":0,"comment_status":"closed","ping_status":"closed","template":"elementor_header_footer","meta":{"footnotes":""},"class_list":["post-5674","page","type-page","status-publish","hentry"],"yoast_head":"<!-- This site is optimized with the Yoast SEO plugin v27.3 - https:\/\/yoast.com\/product\/yoast-seo-wordpress\/ -->\n<title>Neuigkeiten &amp; Updates | Waterking<\/title>\n<meta name=\"description\" content=\"Die neuesten Nachrichten und Updates finden Sie auf unserer Website. Was wir herstellen, wo wir sind, was wir tun und mehr! Ingenieus for you.\" \/>\n<meta name=\"robots\" content=\"index, follow, max-snippet:-1, max-image-preview:large, max-video-preview:-1\" \/>\n<link rel=\"canonical\" href=\"https:\/\/waterking.nl\/de\/sehen-sie-sich-unsere-offenen-stellenangebote-an\/\" \/>\n<meta property=\"og:locale\" content=\"de_DE\" \/>\n<meta property=\"og:type\" content=\"article\" \/>\n<meta property=\"og:title\" content=\"Neuigkeiten &amp; Updates | Waterking\" \/>\n<meta property=\"og:description\" content=\"Die neuesten Nachrichten und Updates finden Sie auf unserer Website. Was wir herstellen, wo wir sind, was wir tun und mehr! Ingenieus for you.\" \/>\n<meta property=\"og:url\" content=\"https:\/\/waterking.nl\/de\/sehen-sie-sich-unsere-offenen-stellenangebote-an\/\" \/>\n<meta property=\"og:site_name\" content=\"Waterking\" \/>\n<meta property=\"article:modified_time\" content=\"2026-02-16T11:04:00+00:00\" \/>\n<meta property=\"og:image\" content=\"https:\/\/waterking.nl\/wp-content\/uploads\/2025\/09\/DSCF7227-scaled.jpg\" \/>\n\t<meta property=\"og:image:width\" content=\"2560\" \/>\n\t<meta property=\"og:image:height\" content=\"1442\" \/>\n\t<meta property=\"og:image:type\" content=\"image\/jpeg\" \/>\n<meta name=\"twitter:card\" content=\"summary_large_image\" \/>\n<meta name=\"twitter:label1\" content=\"Gesch\u00e4tzte Lesezeit\" \/>\n\t<meta name=\"twitter:data1\" content=\"1\u00a0Minute\" \/>\n<script type=\"application\/ld+json\" class=\"yoast-schema-graph\">{\"@context\":\"https:\\\/\\\/schema.org\",\"@graph\":[{\"@type\":\"WebPage\",\"@id\":\"https:\\\/\\\/waterking.nl\\\/de\\\/sehen-sie-sich-unsere-offenen-stellenangebote-an\\\/\",\"url\":\"https:\\\/\\\/waterking.nl\\\/de\\\/sehen-sie-sich-unsere-offenen-stellenangebote-an\\\/\",\"name\":\"Neuigkeiten & Updates | Waterking\",\"isPartOf\":{\"@id\":\"https:\\\/\\\/waterking.nl\\\/de\\\/#website\"},\"primaryImageOfPage\":{\"@id\":\"https:\\\/\\\/waterking.nl\\\/de\\\/sehen-sie-sich-unsere-offenen-stellenangebote-an\\\/#primaryimage\"},\"image\":{\"@id\":\"https:\\\/\\\/waterking.nl\\\/de\\\/sehen-sie-sich-unsere-offenen-stellenangebote-an\\\/#primaryimage\"},\"thumbnailUrl\":\"https:\\\/\\\/waterking.nl\\\/wp-content\\\/uploads\\\/2025\\\/09\\\/DSCF7227-1024x577.jpg\",\"datePublished\":\"2025-06-02T14:11:48+00:00\",\"dateModified\":\"2026-02-16T11:04:00+00:00\",\"description\":\"Die neuesten Nachrichten und Updates finden Sie auf unserer Website. Was wir herstellen, wo wir sind, was wir tun und mehr! Ingenieus for you.\",\"breadcrumb\":{\"@id\":\"https:\\\/\\\/waterking.nl\\\/de\\\/sehen-sie-sich-unsere-offenen-stellenangebote-an\\\/#breadcrumb\"},\"inLanguage\":\"de\",\"potentialAction\":[{\"@type\":\"ReadAction\",\"target\":[\"https:\\\/\\\/waterking.nl\\\/de\\\/sehen-sie-sich-unsere-offenen-stellenangebote-an\\\/\"]}]},{\"@type\":\"ImageObject\",\"inLanguage\":\"de\",\"@id\":\"https:\\\/\\\/waterking.nl\\\/de\\\/sehen-sie-sich-unsere-offenen-stellenangebote-an\\\/#primaryimage\",\"url\":\"https:\\\/\\\/waterking.nl\\\/wp-content\\\/uploads\\\/2025\\\/09\\\/DSCF7227-1024x577.jpg\",\"contentUrl\":\"https:\\\/\\\/waterking.nl\\\/wp-content\\\/uploads\\\/2025\\\/09\\\/DSCF7227-1024x577.jpg\"},{\"@type\":\"BreadcrumbList\",\"@id\":\"https:\\\/\\\/waterking.nl\\\/de\\\/sehen-sie-sich-unsere-offenen-stellenangebote-an\\\/#breadcrumb\",\"itemListElement\":[{\"@type\":\"ListItem\",\"position\":1,\"name\":\"Home\",\"item\":\"https:\\\/\\\/waterking.nl\\\/de\\\/home\\\/\"},{\"@type\":\"ListItem\",\"position\":2,\"name\":\"Sehen Sie sich unsere offenen Stellenangebote an\"}]},{\"@type\":\"WebSite\",\"@id\":\"https:\\\/\\\/waterking.nl\\\/de\\\/#website\",\"url\":\"https:\\\/\\\/waterking.nl\\\/de\\\/\",\"name\":\"Waterking\",\"description\":\"Ingenious for you\",\"publisher\":{\"@id\":\"https:\\\/\\\/waterking.nl\\\/de\\\/#organization\"},\"potentialAction\":[{\"@type\":\"SearchAction\",\"target\":{\"@type\":\"EntryPoint\",\"urlTemplate\":\"https:\\\/\\\/waterking.nl\\\/de\\\/?s={search_term_string}\"},\"query-input\":{\"@type\":\"PropertyValueSpecification\",\"valueRequired\":true,\"valueName\":\"search_term_string\"}}],\"inLanguage\":\"de\"},{\"@type\":\"Organization\",\"@id\":\"https:\\\/\\\/waterking.nl\\\/de\\\/#organization\",\"name\":\"Waterking\",\"url\":\"https:\\\/\\\/waterking.nl\\\/de\\\/\",\"logo\":{\"@type\":\"ImageObject\",\"inLanguage\":\"de\",\"@id\":\"https:\\\/\\\/waterking.nl\\\/de\\\/#\\\/schema\\\/logo\\\/image\\\/\",\"url\":\"https:\\\/\\\/waterking.nl\\\/wp-content\\\/uploads\\\/2025\\\/05\\\/Waterking-logo-waterking-aeh-FC.png\",\"contentUrl\":\"https:\\\/\\\/waterking.nl\\\/wp-content\\\/uploads\\\/2025\\\/05\\\/Waterking-logo-waterking-aeh-FC.png\",\"width\":997,\"height\":1282,\"caption\":\"Waterking\"},\"image\":{\"@id\":\"https:\\\/\\\/waterking.nl\\\/de\\\/#\\\/schema\\\/logo\\\/image\\\/\"}}]}<\/script>\n<!-- \/ Yoast SEO plugin. -->","yoast_head_json":{"title":"Neuigkeiten & Updates | Waterking","description":"Die neuesten Nachrichten und Updates finden Sie auf unserer Website. Was wir herstellen, wo wir sind, was wir tun und mehr! Ingenieus for you.","robots":{"index":"index","follow":"follow","max-snippet":"max-snippet:-1","max-image-preview":"max-image-preview:large","max-video-preview":"max-video-preview:-1"},"canonical":"https:\/\/waterking.nl\/de\/sehen-sie-sich-unsere-offenen-stellenangebote-an\/","og_locale":"de_DE","og_type":"article","og_title":"Neuigkeiten & Updates | Waterking","og_description":"Die neuesten Nachrichten und Updates finden Sie auf unserer Website. Was wir herstellen, wo wir sind, was wir tun und mehr! Ingenieus for you.","og_url":"https:\/\/waterking.nl\/de\/sehen-sie-sich-unsere-offenen-stellenangebote-an\/","og_site_name":"Waterking","article_modified_time":"2026-02-16T11:04:00+00:00","og_image":[{"width":2560,"height":1442,"url":"https:\/\/waterking.nl\/wp-content\/uploads\/2025\/09\/DSCF7227-scaled.jpg","type":"image\/jpeg"}],"twitter_card":"summary_large_image","twitter_misc":{"Gesch\u00e4tzte Lesezeit":"1\u00a0Minute"},"schema":{"@context":"https:\/\/schema.org","@graph":[{"@type":"WebPage","@id":"https:\/\/waterking.nl\/de\/sehen-sie-sich-unsere-offenen-stellenangebote-an\/","url":"https:\/\/waterking.nl\/de\/sehen-sie-sich-unsere-offenen-stellenangebote-an\/","name":"Neuigkeiten & Updates | Waterking","isPartOf":{"@id":"https:\/\/waterking.nl\/de\/#website"},"primaryImageOfPage":{"@id":"https:\/\/waterking.nl\/de\/sehen-sie-sich-unsere-offenen-stellenangebote-an\/#primaryimage"},"image":{"@id":"https:\/\/waterking.nl\/de\/sehen-sie-sich-unsere-offenen-stellenangebote-an\/#primaryimage"},"thumbnailUrl":"https:\/\/waterking.nl\/wp-content\/uploads\/2025\/09\/DSCF7227-1024x577.jpg","datePublished":"2025-06-02T14:11:48+00:00","dateModified":"2026-02-16T11:04:00+00:00","description":"Die neuesten Nachrichten und Updates finden Sie auf unserer Website. Was wir herstellen, wo wir sind, was wir tun und mehr! Ingenieus for you.","breadcrumb":{"@id":"https:\/\/waterking.nl\/de\/sehen-sie-sich-unsere-offenen-stellenangebote-an\/#breadcrumb"},"inLanguage":"de","potentialAction":[{"@type":"ReadAction","target":["https:\/\/waterking.nl\/de\/sehen-sie-sich-unsere-offenen-stellenangebote-an\/"]}]},{"@type":"ImageObject","inLanguage":"de","@id":"https:\/\/waterking.nl\/de\/sehen-sie-sich-unsere-offenen-stellenangebote-an\/#primaryimage","url":"https:\/\/waterking.nl\/wp-content\/uploads\/2025\/09\/DSCF7227-1024x577.jpg","contentUrl":"https:\/\/waterking.nl\/wp-content\/uploads\/2025\/09\/DSCF7227-1024x577.jpg"},{"@type":"BreadcrumbList","@id":"https:\/\/waterking.nl\/de\/sehen-sie-sich-unsere-offenen-stellenangebote-an\/#breadcrumb","itemListElement":[{"@type":"ListItem","position":1,"name":"Home","item":"https:\/\/waterking.nl\/de\/home\/"},{"@type":"ListItem","position":2,"name":"Sehen Sie sich unsere offenen Stellenangebote an"}]},{"@type":"WebSite","@id":"https:\/\/waterking.nl\/de\/#website","url":"https:\/\/waterking.nl\/de\/","name":"Waterking","description":"Ingenious for you","publisher":{"@id":"https:\/\/waterking.nl\/de\/#organization"},"potentialAction":[{"@type":"SearchAction","target":{"@type":"EntryPoint","urlTemplate":"https:\/\/waterking.nl\/de\/?s={search_term_string}"},"query-input":{"@type":"PropertyValueSpecification","valueRequired":true,"valueName":"search_term_string"}}],"inLanguage":"de"},{"@type":"Organization","@id":"https:\/\/waterking.nl\/de\/#organization","name":"Waterking","url":"https:\/\/waterking.nl\/de\/","logo":{"@type":"ImageObject","inLanguage":"de","@id":"https:\/\/waterking.nl\/de\/#\/schema\/logo\/image\/","url":"https:\/\/waterking.nl\/wp-content\/uploads\/2025\/05\/Waterking-logo-waterking-aeh-FC.png","contentUrl":"https:\/\/waterking.nl\/wp-content\/uploads\/2025\/05\/Waterking-logo-waterking-aeh-FC.png","width":997,"height":1282,"caption":"Waterking"},"image":{"@id":"https:\/\/waterking.nl\/de\/#\/schema\/logo\/image\/"}}]}},"_links":{"self":[{"href":"https:\/\/waterking.nl\/de\/wp-json\/wp\/v2\/pages\/5674","targetHints":{"allow":["GET"]}}],"collection":[{"href":"https:\/\/waterking.nl\/de\/wp-json\/wp\/v2\/pages"}],"about":[{"href":"https:\/\/waterking.nl\/de\/wp-json\/wp\/v2\/types\/page"}],"author":[{"embeddable":true,"href":"https:\/\/waterking.nl\/de\/wp-json\/wp\/v2\/users\/1"}],"replies":[{"embeddable":true,"href":"https:\/\/waterking.nl\/de\/wp-json\/wp\/v2\/comments?post=5674"}],"version-history":[{"count":2,"href":"https:\/\/waterking.nl\/de\/wp-json\/wp\/v2\/pages\/5674\/revisions"}],"predecessor-version":[{"id":6789,"href":"https:\/\/waterking.nl\/de\/wp-json\/wp\/v2\/pages\/5674\/revisions\/6789"}],"wp:attachment":[{"href":"https:\/\/waterking.nl\/de\/wp-json\/wp\/v2\/media?parent=5674"}],"curies":[{"name":"wp","href":"https:\/\/api.w.org\/{rel}","templated":true}]}}