{"id":5802,"date":"2025-10-22T10:23:03","date_gmt":"2025-10-22T10:23:03","guid":{"rendered":"https:\/\/waterkingtest.nl\/equipement-de-dragage\/ponton-technique-a-accoupler\/"},"modified":"2026-02-05T16:55:13","modified_gmt":"2026-02-05T15:55:13","slug":"ponton-technique-a-accoupler","status":"publish","type":"page","link":"https:\/\/waterking.nl\/fr\/equipement-de-dragage\/ponton-technique-a-accoupler\/","title":{"rendered":"Ponton technique \u00e0 accoupler"},"content":{"rendered":"\t\t<div data-elementor-type=\"wp-page\" data-elementor-id=\"5802\" class=\"elementor elementor-5802 elementor-3282\" data-elementor-post-type=\"page\">\n\t\t\t\t<div class=\"elementor-element elementor-element-50ed23fd e-flex e-con-boxed e-con e-parent\" data-id=\"50ed23fd\" data-element_type=\"container\" data-e-type=\"container\" data-settings=\"{&quot;background_background&quot;:&quot;classic&quot;}\">\n\t\t\t\t\t<div class=\"e-con-inner\">\n\t\t\t\t<div class=\"elementor-element elementor-element-36f8de11 elementor-widget elementor-widget-spacer\" data-id=\"36f8de11\" data-element_type=\"widget\" data-e-type=\"widget\" data-widget_type=\"spacer.default\">\n\t\t\t\t<div class=\"elementor-widget-container\">\n\t\t\t\t\t\t\t<div class=\"elementor-spacer\">\n\t\t\t<div class=\"elementor-spacer-inner\"><\/div>\n\t\t<\/div>\n\t\t\t\t\t\t<\/div>\n\t\t\t\t<\/div>\n\t\t\t\t<div class=\"elementor-element elementor-element-30583ebc elementor-widget elementor-widget-heading\" data-id=\"30583ebc\" data-element_type=\"widget\" data-e-type=\"widget\" data-widget_type=\"heading.default\">\n\t\t\t\t<div class=\"elementor-widget-container\">\n\t\t\t\t\t<h1 class=\"elementor-heading-title elementor-size-default\">Ponton technique \u00e0 accoupler<\/h1>\t\t\t\t<\/div>\n\t\t\t\t<\/div>\n\t\t\t\t\t<\/div>\n\t\t\t\t<\/div>\n\t\t<div class=\"elementor-element elementor-element-482afb27 e-flex e-con-boxed e-con e-parent\" data-id=\"482afb27\" data-element_type=\"container\" data-e-type=\"container\">\n\t\t\t\t\t<div class=\"e-con-inner\">\n\t\t\t\t<div class=\"elementor-element elementor-element-1ae73bff elementor-widget-divider--view-line_icon elementor-widget-divider--separator-type-pattern elementor-widget-divider--no-spacing elementor-view-default elementor-widget-divider--element-align-center elementor-widget elementor-widget-divider\" data-id=\"1ae73bff\" data-element_type=\"widget\" data-e-type=\"widget\" data-widget_type=\"divider.default\">\n\t\t\t\t<div class=\"elementor-widget-container\">\n\t\t\t\t\t\t\t<div class=\"elementor-divider\" style=\"--divider-pattern-url: url(&quot;data:image\/svg+xml,%3Csvg xmlns=&#039;http:\/\/www.w3.org\/2000\/svg&#039; preserveAspectRatio=&#039;none&#039; overflow=&#039;visible&#039; height=&#039;100%&#039; viewBox=&#039;0 0 24 24&#039; fill=&#039;black&#039; stroke=&#039;none&#039;%3E%3Cpath d=&#039;M24,8v12H0V8H24z M24,4v1H0V4H24z&#039;\/%3E%3C\/svg%3E&quot;);\">\n\t\t\t<span class=\"elementor-divider-separator\">\n\t\t\t\t\t\t\t<div class=\"elementor-icon elementor-divider__element\">\n\t\t\t\t\t<i aria-hidden=\"true\" class=\" ti-layout-line-solid\"><\/i><\/div>\n\t\t\t\t\t\t<\/span>\n\t\t<\/div>\n\t\t\t\t\t\t<\/div>\n\t\t\t\t<\/div>\n\t\t<div class=\"elementor-element elementor-element-1870473 e-con-full e-flex e-con e-child\" data-id=\"1870473\" data-element_type=\"container\" data-e-type=\"container\">\n\t\t\t\t<div class=\"elementor-element elementor-element-f560030 elementor-widget elementor-widget-text-editor\" data-id=\"f560030\" data-element_type=\"widget\" data-e-type=\"widget\" data-widget_type=\"text-editor.default\">\n\t\t\t\t<div class=\"elementor-widget-container\">\n\t\t\t\t\t\t\t\t\t<p>Un ponton technique \u00e0 accoupler peut-\u00eatre utiliser pour faciliter le montage et le d\u00e9montage des tuyauteries.<\/p><p>Ce ponton est \u00e9quip\u00e9 d\u2019une potence de levage Davit avec treuil et supports de pieds d\u2019ancrage.<\/p>\t\t\t\t\t\t\t\t<\/div>\n\t\t\t\t<\/div>\n\t\t\t\t<div class=\"elementor-element elementor-element-dc84adf elementor-widget elementor-widget-text-editor\" data-id=\"dc84adf\" data-element_type=\"widget\" data-e-type=\"widget\" data-widget_type=\"text-editor.default\">\n\t\t\t\t<div class=\"elementor-widget-container\">\n\t\t\t\t\t\t\t\t\t<p>Options possibles pour ces pontons technique \u00e0 accoupler de coulis: <\/p><ul><li>Potence de levage Davit avec treuil<\/li><li>Support de Pieds d\u2019ancrage<\/li><li>Flotteurs poly\u00e9thyl\u00e8ne<\/li><li>Tuyauterie flexible<\/li><li>Tuyaux en PEHD pour le dragage<\/li><\/ul>\t\t\t\t\t\t\t\t<\/div>\n\t\t\t\t<\/div>\n\t\t<div class=\"elementor-element elementor-element-dedc145 e-grid e-con-full elementor-hidden-desktop elementor-hidden-tablet elementor-hidden-mobile e-con e-child\" data-id=\"dedc145\" data-element_type=\"container\" data-e-type=\"container\">\n\t\t\t\t<div class=\"elementor-element elementor-element-010988c elementor-widget elementor-widget-button\" data-id=\"010988c\" data-element_type=\"widget\" data-e-type=\"widget\" data-widget_type=\"button.default\">\n\t\t\t\t<div class=\"elementor-widget-container\">\n\t\t\t\t\t\t\t\t\t<div class=\"elementor-button-wrapper\">\n\t\t\t\t\t<a class=\"elementor-button elementor-button-link elementor-size-sm\" href=\"#\">\n\t\t\t\t\t\t<span class=\"elementor-button-content-wrapper\">\n\t\t\t\t\t\t\t\t\t<span class=\"elementor-button-text\">Fiche produit<\/span>\n\t\t\t\t\t<\/span>\n\t\t\t\t\t<\/a>\n\t\t\t\t<\/div>\n\t\t\t\t\t\t\t\t<\/div>\n\t\t\t\t<\/div>\n\t\t\t\t<div class=\"elementor-element elementor-element-ba5a096 elementor-widget elementor-widget-button\" data-id=\"ba5a096\" data-element_type=\"widget\" data-e-type=\"widget\" data-widget_type=\"button.default\">\n\t\t\t\t<div class=\"elementor-widget-container\">\n\t\t\t\t\t\t\t\t\t<div class=\"elementor-button-wrapper\">\n\t\t\t\t\t<a class=\"elementor-button elementor-button-link elementor-size-sm\" href=\"#\">\n\t\t\t\t\t\t<span class=\"elementor-button-content-wrapper\">\n\t\t\t\t\t\t\t\t\t<span class=\"elementor-button-text\">D\u00e9tails du transport<\/span>\n\t\t\t\t\t<\/span>\n\t\t\t\t\t<\/a>\n\t\t\t\t<\/div>\n\t\t\t\t\t\t\t\t<\/div>\n\t\t\t\t<\/div>\n\t\t\t\t<\/div>\n\t\t\t\t<\/div>\n\t\t\t\t\t<\/div>\n\t\t\t\t<\/div>\n\t\t<div class=\"elementor-element elementor-element-3ecf2e0 e-flex e-con-boxed e-con e-parent\" data-id=\"3ecf2e0\" data-element_type=\"container\" data-e-type=\"container\">\n\t\t\t\t\t<div class=\"e-con-inner\">\n\t\t<div class=\"elementor-element elementor-element-b0c1e63 e-con-full e-flex e-con e-child\" data-id=\"b0c1e63\" data-element_type=\"container\" data-e-type=\"container\">\n\t\t\t\t<div class=\"elementor-element elementor-element-a296014 elementor-widget elementor-widget-image\" data-id=\"a296014\" data-element_type=\"widget\" data-e-type=\"widget\" data-widget_type=\"image.default\">\n\t\t\t\t<div class=\"elementor-widget-container\">\n\t\t\t\t\t\t\t\t\t\t\t\t\t\t\t<img fetchpriority=\"high\" decoding=\"async\" width=\"800\" height=\"800\" src=\"https:\/\/waterking.nl\/wp-content\/uploads\/2025\/10\/pijpenkoppelponton-2-1200x1200-1-1024x1024.jpg\" class=\"attachment-large size-large wp-image-5620\" alt=\"Koppelponton leidingwerk in het water met leiding er op\" srcset=\"https:\/\/waterking.nl\/wp-content\/uploads\/2025\/10\/pijpenkoppelponton-2-1200x1200-1-1024x1024.jpg 1024w, https:\/\/waterking.nl\/wp-content\/uploads\/2025\/10\/pijpenkoppelponton-2-1200x1200-1-300x300.jpg 300w, https:\/\/waterking.nl\/wp-content\/uploads\/2025\/10\/pijpenkoppelponton-2-1200x1200-1-150x150.jpg 150w, https:\/\/waterking.nl\/wp-content\/uploads\/2025\/10\/pijpenkoppelponton-2-1200x1200-1-768x768.jpg 768w, https:\/\/waterking.nl\/wp-content\/uploads\/2025\/10\/pijpenkoppelponton-2-1200x1200-1.jpg 1200w\" sizes=\"(max-width: 800px) 100vw, 800px\" \/>\t\t\t\t\t\t\t\t\t\t\t\t\t\t\t<\/div>\n\t\t\t\t<\/div>\n\t\t\t\t<\/div>\n\t\t<div class=\"elementor-element elementor-element-7276afe e-con-full e-flex e-con e-child\" data-id=\"7276afe\" data-element_type=\"container\" data-e-type=\"container\">\n\t\t\t\t<div class=\"elementor-element elementor-element-11879d1 elementor-widget elementor-widget-image\" data-id=\"11879d1\" data-element_type=\"widget\" data-e-type=\"widget\" data-widget_type=\"image.default\">\n\t\t\t\t<div class=\"elementor-widget-container\">\n\t\t\t\t\t\t\t\t\t\t\t\t\t\t\t<img decoding=\"async\" width=\"800\" height=\"800\" src=\"https:\/\/waterking.nl\/wp-content\/uploads\/2025\/10\/leidingkoppelponton-1-1200x1200-1-1024x1024.jpg\" class=\"attachment-large size-large wp-image-5621\" alt=\"Koppelponton voor leidingwerk in het water\" srcset=\"https:\/\/waterking.nl\/wp-content\/uploads\/2025\/10\/leidingkoppelponton-1-1200x1200-1-1024x1024.jpg 1024w, https:\/\/waterking.nl\/wp-content\/uploads\/2025\/10\/leidingkoppelponton-1-1200x1200-1-300x300.jpg 300w, https:\/\/waterking.nl\/wp-content\/uploads\/2025\/10\/leidingkoppelponton-1-1200x1200-1-150x150.jpg 150w, https:\/\/waterking.nl\/wp-content\/uploads\/2025\/10\/leidingkoppelponton-1-1200x1200-1-768x768.jpg 768w, https:\/\/waterking.nl\/wp-content\/uploads\/2025\/10\/leidingkoppelponton-1-1200x1200-1.jpg 1200w\" sizes=\"(max-width: 800px) 100vw, 800px\" \/>\t\t\t\t\t\t\t\t\t\t\t\t\t\t\t<\/div>\n\t\t\t\t<\/div>\n\t\t\t\t<\/div>\n\t\t\t\t\t<\/div>\n\t\t\t\t<\/div>\n\t\t<div class=\"elementor-element elementor-element-4a02cd11 e-flex e-con-boxed e-con e-parent\" data-id=\"4a02cd11\" data-element_type=\"container\" data-e-type=\"container\">\n\t\t\t\t\t<div class=\"e-con-inner\">\n\t\t\t\t<div class=\"elementor-element elementor-element-5656392a elementor-widget-divider--view-line_icon elementor-widget-divider--separator-type-pattern elementor-widget-divider--no-spacing elementor-view-default elementor-widget elementor-widget-divider\" data-id=\"5656392a\" data-element_type=\"widget\" data-e-type=\"widget\" data-widget_type=\"divider.default\">\n\t\t\t\t<div class=\"elementor-widget-container\">\n\t\t\t\t\t\t\t<div class=\"elementor-divider\" style=\"--divider-pattern-url: url(&quot;data:image\/svg+xml,%3Csvg xmlns=&#039;http:\/\/www.w3.org\/2000\/svg&#039; preserveAspectRatio=&#039;none&#039; overflow=&#039;visible&#039; height=&#039;100%&#039; viewBox=&#039;0 0 24 24&#039; fill=&#039;black&#039; stroke=&#039;none&#039;%3E%3Cpath d=&#039;M24,8v12H0V8H24z M24,4v1H0V4H24z&#039;\/%3E%3C\/svg%3E&quot;);\">\n\t\t\t<span class=\"elementor-divider-separator\">\n\t\t\t\t\t\t\t<div class=\"elementor-icon elementor-divider__element\">\n\t\t\t\t\t<i aria-hidden=\"true\" class=\" ti-layout-line-solid\"><\/i><\/div>\n\t\t\t\t\t\t<\/span>\n\t\t<\/div>\n\t\t\t\t\t\t<\/div>\n\t\t\t\t<\/div>\n\t\t\t\t\t<\/div>\n\t\t\t\t<\/div>\n\t\t<div class=\"elementor-element elementor-element-3cd88110 e-flex e-con-boxed e-con e-parent\" data-id=\"3cd88110\" data-element_type=\"container\" data-e-type=\"container\" data-settings=\"{&quot;background_background&quot;:&quot;classic&quot;}\">\n\t\t\t\t\t<div class=\"e-con-inner\">\n\t\t<div class=\"elementor-element elementor-element-2a37ac25 e-con-full e-flex e-con e-child\" data-id=\"2a37ac25\" data-element_type=\"container\" data-e-type=\"container\">\n\t\t\t\t<div class=\"elementor-element elementor-element-2cf30cff elementor-widget elementor-widget-image\" data-id=\"2cf30cff\" data-element_type=\"widget\" data-e-type=\"widget\" data-widget_type=\"image.default\">\n\t\t\t\t<div class=\"elementor-widget-container\">\n\t\t\t\t\t\t\t\t\t\t\t\t\t\t\t<img decoding=\"async\" width=\"150\" height=\"150\" src=\"https:\/\/waterking.nl\/wp-content\/uploads\/2025\/09\/Daniel-150x150.jpg\" class=\"attachment-thumbnail size-thumbnail wp-image-6499\" alt=\"\" \/>\t\t\t\t\t\t\t\t\t\t\t\t\t\t\t<\/div>\n\t\t\t\t<\/div>\n\t\t\t\t<\/div>\n\t\t<div class=\"elementor-element elementor-element-51d0f779 e-con-full e-flex e-con e-child\" data-id=\"51d0f779\" data-element_type=\"container\" data-e-type=\"container\">\n\t\t\t\t<div class=\"elementor-element elementor-element-349ebc69 elementor-widget elementor-widget-heading\" data-id=\"349ebc69\" data-element_type=\"widget\" data-e-type=\"widget\" data-widget_type=\"heading.default\">\n\t\t\t\t<div class=\"elementor-widget-container\">\n\t\t\t\t\t<h2 class=\"elementor-heading-title elementor-size-default\">Nous sommes l\u00e0 pour vous aider<\/h2>\t\t\t\t<\/div>\n\t\t\t\t<\/div>\n\t\t\t\t<div class=\"elementor-element elementor-element-615b8ed1 elementor-widget elementor-widget-text-editor\" data-id=\"615b8ed1\" data-element_type=\"widget\" data-e-type=\"widget\" data-widget_type=\"text-editor.default\">\n\t\t\t\t<div class=\"elementor-widget-container\">\n\t\t\t\t\t\t\t\t\t<p style=\"font-weight: 400;\">Vous avez une question concernant notre mat\u00e9riel de dragage ? Vous ne savez pas ce qui correspond le mieux \u00e0 votre activit\u00e9 ? Contactez-nous ! Nous serons ravis de vous aider.   <\/p>\t\t\t\t\t\t\t\t<\/div>\n\t\t\t\t<\/div>\n\t\t\t\t<div class=\"elementor-element elementor-element-7218d85 elementor-align-center elementor-widget elementor-widget-button\" data-id=\"7218d85\" data-element_type=\"widget\" data-e-type=\"widget\" data-widget_type=\"button.default\">\n\t\t\t\t<div class=\"elementor-widget-container\">\n\t\t\t\t\t\t\t\t\t<div class=\"elementor-button-wrapper\">\n\t\t\t\t\t<a class=\"elementor-button elementor-button-link elementor-size-sm\" href=\"https:\/\/waterking.nl\/fr\/contactez-nous\/\">\n\t\t\t\t\t\t<span class=\"elementor-button-content-wrapper\">\n\t\t\t\t\t\t\t\t\t<span class=\"elementor-button-text\">Contactez-nous<\/span>\n\t\t\t\t\t<\/span>\n\t\t\t\t\t<\/a>\n\t\t\t\t<\/div>\n\t\t\t\t\t\t\t\t<\/div>\n\t\t\t\t<\/div>\n\t\t\t\t<\/div>\n\t\t\t\t\t<\/div>\n\t\t\t\t<\/div>\n\t\t<div class=\"elementor-element elementor-element-4bce81fc e-flex e-con-boxed e-con e-parent\" data-id=\"4bce81fc\" data-element_type=\"container\" data-e-type=\"container\" data-settings=\"{&quot;background_background&quot;:&quot;classic&quot;}\">\n\t\t\t\t\t<div class=\"e-con-inner\">\n\t\t\t\t<div class=\"elementor-element elementor-element-33fbc12 elementor-widget elementor-widget-spacer\" data-id=\"33fbc12\" data-element_type=\"widget\" data-e-type=\"widget\" data-widget_type=\"spacer.default\">\n\t\t\t\t<div class=\"elementor-widget-container\">\n\t\t\t\t\t\t\t<div class=\"elementor-spacer\">\n\t\t\t<div class=\"elementor-spacer-inner\"><\/div>\n\t\t<\/div>\n\t\t\t\t\t\t<\/div>\n\t\t\t\t<\/div>\n\t\t\t\t\t<\/div>\n\t\t\t\t<\/div>\n\t\t<div class=\"elementor-element elementor-element-92e8fc e-flex e-con-boxed e-con e-parent\" data-id=\"92e8fc\" data-element_type=\"container\" data-e-type=\"container\">\n\t\t\t\t\t<div class=\"e-con-inner\">\n\t\t\t\t<div class=\"elementor-element elementor-element-270cc096 elementor-widget elementor-widget-spacer\" data-id=\"270cc096\" data-element_type=\"widget\" data-e-type=\"widget\" data-widget_type=\"spacer.default\">\n\t\t\t\t<div class=\"elementor-widget-container\">\n\t\t\t\t\t\t\t<div class=\"elementor-spacer\">\n\t\t\t<div class=\"elementor-spacer-inner\"><\/div>\n\t\t<\/div>\n\t\t\t\t\t\t<\/div>\n\t\t\t\t<\/div>\n\t\t\t\t\t<\/div>\n\t\t\t\t<\/div>\n\t\t\t\t<\/div>\n\t\t","protected":false},"excerpt":{"rendered":"<p>Ponton technique \u00e0 accoupler Un ponton technique \u00e0 accoupler peut-\u00eatre utiliser pour faciliter le montage et le d\u00e9montage des tuyauteries. Ce ponton est \u00e9quip\u00e9 d\u2019une potence de levage Davit avec treuil et supports de pieds d\u2019ancrage. Options possibles pour ces pontons technique \u00e0 accoupler de coulis: Potence de levage Davit avec treuil Support de Pieds [&hellip;]<\/p>\n","protected":false},"author":1,"featured_media":0,"parent":5732,"menu_order":0,"comment_status":"closed","ping_status":"closed","template":"","meta":{"footnotes":""},"class_list":["post-5802","page","type-page","status-publish","hentry"],"yoast_head":"<!-- This site is optimized with the Yoast SEO plugin v27.3 - https:\/\/yoast.com\/product\/yoast-seo-wordpress\/ -->\n<title>Ponton technique \u00e0 accoupler | Waterking<\/title>\n<meta name=\"description\" content=\"Avec ces pontons techniuqe \u00e0 accoupler de tuyauterie, relier la tuyauterie ensemble se fait facilement sur l&#039;eau. Ingenious for you.\" \/>\n<meta name=\"robots\" content=\"index, follow, max-snippet:-1, max-image-preview:large, max-video-preview:-1\" \/>\n<link rel=\"canonical\" href=\"https:\/\/waterking.nl\/fr\/equipement-de-dragage\/ponton-technique-a-accoupler\/\" \/>\n<meta property=\"og:locale\" content=\"fr_FR\" \/>\n<meta property=\"og:type\" content=\"article\" \/>\n<meta property=\"og:title\" content=\"Ponton technique \u00e0 accoupler | Waterking\" \/>\n<meta property=\"og:description\" content=\"Avec ces pontons techniuqe \u00e0 accoupler de tuyauterie, relier la tuyauterie ensemble se fait facilement sur l&#039;eau. Ingenious for you.\" \/>\n<meta property=\"og:url\" content=\"https:\/\/waterking.nl\/fr\/equipement-de-dragage\/ponton-technique-a-accoupler\/\" \/>\n<meta property=\"og:site_name\" content=\"Waterking\" \/>\n<meta property=\"article:modified_time\" content=\"2026-02-05T15:55:13+00:00\" \/>\n<meta property=\"og:image\" content=\"https:\/\/waterking.nl\/wp-content\/uploads\/2025\/10\/pijpenkoppelponton-2-1200x1200-1.jpg\" \/>\n\t<meta property=\"og:image:width\" content=\"1200\" \/>\n\t<meta property=\"og:image:height\" content=\"1200\" \/>\n\t<meta property=\"og:image:type\" content=\"image\/jpeg\" \/>\n<meta name=\"twitter:card\" content=\"summary_large_image\" \/>\n<meta name=\"twitter:label1\" content=\"Dur\u00e9e de lecture estim\u00e9e\" \/>\n\t<meta name=\"twitter:data1\" content=\"1 minute\" \/>\n<script type=\"application\/ld+json\" class=\"yoast-schema-graph\">{\"@context\":\"https:\\\/\\\/schema.org\",\"@graph\":[{\"@type\":\"WebPage\",\"@id\":\"https:\\\/\\\/waterking.nl\\\/fr\\\/equipement-de-dragage\\\/ponton-technique-a-accoupler\\\/\",\"url\":\"https:\\\/\\\/waterking.nl\\\/fr\\\/equipement-de-dragage\\\/ponton-technique-a-accoupler\\\/\",\"name\":\"Ponton technique \u00e0 accoupler | Waterking\",\"isPartOf\":{\"@id\":\"https:\\\/\\\/waterking.nl\\\/fr\\\/#website\"},\"primaryImageOfPage\":{\"@id\":\"https:\\\/\\\/waterking.nl\\\/fr\\\/equipement-de-dragage\\\/ponton-technique-a-accoupler\\\/#primaryimage\"},\"image\":{\"@id\":\"https:\\\/\\\/waterking.nl\\\/fr\\\/equipement-de-dragage\\\/ponton-technique-a-accoupler\\\/#primaryimage\"},\"thumbnailUrl\":\"https:\\\/\\\/waterking.nl\\\/wp-content\\\/uploads\\\/2025\\\/10\\\/pijpenkoppelponton-2-1200x1200-1-1024x1024.jpg\",\"datePublished\":\"2025-10-22T10:23:03+00:00\",\"dateModified\":\"2026-02-05T15:55:13+00:00\",\"description\":\"Avec ces pontons techniuqe \u00e0 accoupler de tuyauterie, relier la tuyauterie ensemble se fait facilement sur l'eau. Ingenious for you.\",\"breadcrumb\":{\"@id\":\"https:\\\/\\\/waterking.nl\\\/fr\\\/equipement-de-dragage\\\/ponton-technique-a-accoupler\\\/#breadcrumb\"},\"inLanguage\":\"fr-FR\",\"potentialAction\":[{\"@type\":\"ReadAction\",\"target\":[\"https:\\\/\\\/waterking.nl\\\/fr\\\/equipement-de-dragage\\\/ponton-technique-a-accoupler\\\/\"]}]},{\"@type\":\"ImageObject\",\"inLanguage\":\"fr-FR\",\"@id\":\"https:\\\/\\\/waterking.nl\\\/fr\\\/equipement-de-dragage\\\/ponton-technique-a-accoupler\\\/#primaryimage\",\"url\":\"https:\\\/\\\/waterking.nl\\\/wp-content\\\/uploads\\\/2025\\\/10\\\/pijpenkoppelponton-2-1200x1200-1-1024x1024.jpg\",\"contentUrl\":\"https:\\\/\\\/waterking.nl\\\/wp-content\\\/uploads\\\/2025\\\/10\\\/pijpenkoppelponton-2-1200x1200-1-1024x1024.jpg\"},{\"@type\":\"BreadcrumbList\",\"@id\":\"https:\\\/\\\/waterking.nl\\\/fr\\\/equipement-de-dragage\\\/ponton-technique-a-accoupler\\\/#breadcrumb\",\"itemListElement\":[{\"@type\":\"ListItem\",\"position\":1,\"name\":\"Home\",\"item\":\"https:\\\/\\\/waterking.nl\\\/fr\\\/page-daccueil\\\/\"},{\"@type\":\"ListItem\",\"position\":2,\"name\":\"\u00c9quipement de dragage\",\"item\":\"https:\\\/\\\/waterking.nl\\\/fr\\\/equipement-de-dragage\\\/\"},{\"@type\":\"ListItem\",\"position\":3,\"name\":\"Ponton technique \u00e0 accoupler\"}]},{\"@type\":\"WebSite\",\"@id\":\"https:\\\/\\\/waterking.nl\\\/fr\\\/#website\",\"url\":\"https:\\\/\\\/waterking.nl\\\/fr\\\/\",\"name\":\"Waterking\",\"description\":\"Ingenious for you\",\"publisher\":{\"@id\":\"https:\\\/\\\/waterking.nl\\\/fr\\\/#organization\"},\"potentialAction\":[{\"@type\":\"SearchAction\",\"target\":{\"@type\":\"EntryPoint\",\"urlTemplate\":\"https:\\\/\\\/waterking.nl\\\/fr\\\/?s={search_term_string}\"},\"query-input\":{\"@type\":\"PropertyValueSpecification\",\"valueRequired\":true,\"valueName\":\"search_term_string\"}}],\"inLanguage\":\"fr-FR\"},{\"@type\":\"Organization\",\"@id\":\"https:\\\/\\\/waterking.nl\\\/fr\\\/#organization\",\"name\":\"Waterking\",\"url\":\"https:\\\/\\\/waterking.nl\\\/fr\\\/\",\"logo\":{\"@type\":\"ImageObject\",\"inLanguage\":\"fr-FR\",\"@id\":\"https:\\\/\\\/waterking.nl\\\/fr\\\/#\\\/schema\\\/logo\\\/image\\\/\",\"url\":\"https:\\\/\\\/waterking.nl\\\/wp-content\\\/uploads\\\/2025\\\/05\\\/Waterking-logo-waterking-aeh-FC.png\",\"contentUrl\":\"https:\\\/\\\/waterking.nl\\\/wp-content\\\/uploads\\\/2025\\\/05\\\/Waterking-logo-waterking-aeh-FC.png\",\"width\":997,\"height\":1282,\"caption\":\"Waterking\"},\"image\":{\"@id\":\"https:\\\/\\\/waterking.nl\\\/fr\\\/#\\\/schema\\\/logo\\\/image\\\/\"}}]}<\/script>\n<!-- \/ Yoast SEO plugin. -->","yoast_head_json":{"title":"Ponton technique \u00e0 accoupler | Waterking","description":"Avec ces pontons techniuqe \u00e0 accoupler de tuyauterie, relier la tuyauterie ensemble se fait facilement sur l'eau. Ingenious for you.","robots":{"index":"index","follow":"follow","max-snippet":"max-snippet:-1","max-image-preview":"max-image-preview:large","max-video-preview":"max-video-preview:-1"},"canonical":"https:\/\/waterking.nl\/fr\/equipement-de-dragage\/ponton-technique-a-accoupler\/","og_locale":"fr_FR","og_type":"article","og_title":"Ponton technique \u00e0 accoupler | Waterking","og_description":"Avec ces pontons techniuqe \u00e0 accoupler de tuyauterie, relier la tuyauterie ensemble se fait facilement sur l'eau. Ingenious for you.","og_url":"https:\/\/waterking.nl\/fr\/equipement-de-dragage\/ponton-technique-a-accoupler\/","og_site_name":"Waterking","article_modified_time":"2026-02-05T15:55:13+00:00","og_image":[{"width":1200,"height":1200,"url":"https:\/\/waterking.nl\/wp-content\/uploads\/2025\/10\/pijpenkoppelponton-2-1200x1200-1.jpg","type":"image\/jpeg"}],"twitter_card":"summary_large_image","twitter_misc":{"Dur\u00e9e de lecture estim\u00e9e":"1 minute"},"schema":{"@context":"https:\/\/schema.org","@graph":[{"@type":"WebPage","@id":"https:\/\/waterking.nl\/fr\/equipement-de-dragage\/ponton-technique-a-accoupler\/","url":"https:\/\/waterking.nl\/fr\/equipement-de-dragage\/ponton-technique-a-accoupler\/","name":"Ponton technique \u00e0 accoupler | Waterking","isPartOf":{"@id":"https:\/\/waterking.nl\/fr\/#website"},"primaryImageOfPage":{"@id":"https:\/\/waterking.nl\/fr\/equipement-de-dragage\/ponton-technique-a-accoupler\/#primaryimage"},"image":{"@id":"https:\/\/waterking.nl\/fr\/equipement-de-dragage\/ponton-technique-a-accoupler\/#primaryimage"},"thumbnailUrl":"https:\/\/waterking.nl\/wp-content\/uploads\/2025\/10\/pijpenkoppelponton-2-1200x1200-1-1024x1024.jpg","datePublished":"2025-10-22T10:23:03+00:00","dateModified":"2026-02-05T15:55:13+00:00","description":"Avec ces pontons techniuqe \u00e0 accoupler de tuyauterie, relier la tuyauterie ensemble se fait facilement sur l'eau. Ingenious for you.","breadcrumb":{"@id":"https:\/\/waterking.nl\/fr\/equipement-de-dragage\/ponton-technique-a-accoupler\/#breadcrumb"},"inLanguage":"fr-FR","potentialAction":[{"@type":"ReadAction","target":["https:\/\/waterking.nl\/fr\/equipement-de-dragage\/ponton-technique-a-accoupler\/"]}]},{"@type":"ImageObject","inLanguage":"fr-FR","@id":"https:\/\/waterking.nl\/fr\/equipement-de-dragage\/ponton-technique-a-accoupler\/#primaryimage","url":"https:\/\/waterking.nl\/wp-content\/uploads\/2025\/10\/pijpenkoppelponton-2-1200x1200-1-1024x1024.jpg","contentUrl":"https:\/\/waterking.nl\/wp-content\/uploads\/2025\/10\/pijpenkoppelponton-2-1200x1200-1-1024x1024.jpg"},{"@type":"BreadcrumbList","@id":"https:\/\/waterking.nl\/fr\/equipement-de-dragage\/ponton-technique-a-accoupler\/#breadcrumb","itemListElement":[{"@type":"ListItem","position":1,"name":"Home","item":"https:\/\/waterking.nl\/fr\/page-daccueil\/"},{"@type":"ListItem","position":2,"name":"\u00c9quipement de dragage","item":"https:\/\/waterking.nl\/fr\/equipement-de-dragage\/"},{"@type":"ListItem","position":3,"name":"Ponton technique \u00e0 accoupler"}]},{"@type":"WebSite","@id":"https:\/\/waterking.nl\/fr\/#website","url":"https:\/\/waterking.nl\/fr\/","name":"Waterking","description":"Ingenious for you","publisher":{"@id":"https:\/\/waterking.nl\/fr\/#organization"},"potentialAction":[{"@type":"SearchAction","target":{"@type":"EntryPoint","urlTemplate":"https:\/\/waterking.nl\/fr\/?s={search_term_string}"},"query-input":{"@type":"PropertyValueSpecification","valueRequired":true,"valueName":"search_term_string"}}],"inLanguage":"fr-FR"},{"@type":"Organization","@id":"https:\/\/waterking.nl\/fr\/#organization","name":"Waterking","url":"https:\/\/waterking.nl\/fr\/","logo":{"@type":"ImageObject","inLanguage":"fr-FR","@id":"https:\/\/waterking.nl\/fr\/#\/schema\/logo\/image\/","url":"https:\/\/waterking.nl\/wp-content\/uploads\/2025\/05\/Waterking-logo-waterking-aeh-FC.png","contentUrl":"https:\/\/waterking.nl\/wp-content\/uploads\/2025\/05\/Waterking-logo-waterking-aeh-FC.png","width":997,"height":1282,"caption":"Waterking"},"image":{"@id":"https:\/\/waterking.nl\/fr\/#\/schema\/logo\/image\/"}}]}},"_links":{"self":[{"href":"https:\/\/waterking.nl\/fr\/wp-json\/wp\/v2\/pages\/5802","targetHints":{"allow":["GET"]}}],"collection":[{"href":"https:\/\/waterking.nl\/fr\/wp-json\/wp\/v2\/pages"}],"about":[{"href":"https:\/\/waterking.nl\/fr\/wp-json\/wp\/v2\/types\/page"}],"author":[{"embeddable":true,"href":"https:\/\/waterking.nl\/fr\/wp-json\/wp\/v2\/users\/1"}],"replies":[{"embeddable":true,"href":"https:\/\/waterking.nl\/fr\/wp-json\/wp\/v2\/comments?post=5802"}],"version-history":[{"count":3,"href":"https:\/\/waterking.nl\/fr\/wp-json\/wp\/v2\/pages\/5802\/revisions"}],"predecessor-version":[{"id":6664,"href":"https:\/\/waterking.nl\/fr\/wp-json\/wp\/v2\/pages\/5802\/revisions\/6664"}],"up":[{"embeddable":true,"href":"https:\/\/waterking.nl\/fr\/wp-json\/wp\/v2\/pages\/5732"}],"wp:attachment":[{"href":"https:\/\/waterking.nl\/fr\/wp-json\/wp\/v2\/media?parent=5802"}],"curies":[{"name":"wp","href":"https:\/\/api.w.org\/{rel}","templated":true}]}}